{"id":966,"date":"2024-02-22T20:42:05","date_gmt":"2024-02-22T20:42:05","guid":{"rendered":"https:\/\/www.clinicadelpeujordimoreno.com\/?page_id=966"},"modified":"2024-03-15T21:51:58","modified_gmt":"2024-03-15T21:51:58","slug":"otros-servicios","status":"publish","type":"page","link":"https:\/\/www.clinicadelpeujordimoreno.com\/es\/servicios\/otros-servicios\/","title":{"rendered":"Otros Servicios"},"content":{"rendered":"<div class=\"wpb-content-wrapper\"><p>[vc_row css_animation=\u00bb\u00bb row_type=\u00bbrow\u00bb use_row_as_full_screen_section=\u00bbno\u00bb type=\u00bbgrid\u00bb angled_section=\u00bbno\u00bb text_align=\u00bbleft\u00bb background_image_as_pattern=\u00bbwithout_pattern\u00bb z_index=\u00bb\u00bb][vc_column width=\u00bb3\/4&#8243; css=\u00bb.vc_custom_1708556917542{margin-top: 18px !important;}\u00bb][vc_column_text el_class=\u00bbbreadcrumbs\u00bb css=\u00bb.vc_custom_1708556155239{margin-bottom: 5px !important;}\u00bb]<\/p>\n<pre class=\"wp-block-code\"><code class=\"hljs json\"><span><span><a href=\"https:\/\/www.clinicadelpeujordimoreno.com\/es\/\">Inici<\/a><\/span><\/span><\/code><\/pre>\n<p>[\/vc_column_text][vc_row_inner row_type=\u00bbrow\u00bb type=\u00bbfull_width\u00bb text_align=\u00bbleft\u00bb css_animation=\u00bb\u00bb][vc_column_inner width=\u00bb1\/3&#8243;][vc_single_image image=\u00bb860&#8243; img_size=\u00bbfull\u00bb qode_css_animation=\u00bb\u00bb][\/vc_column_inner][vc_column_inner width=\u00bb1\/3&#8243;][vc_single_image image=\u00bb550&#8243; img_size=\u00bbfull\u00bb qode_css_animation=\u00bb\u00bb][\/vc_column_inner][vc_column_inner width=\u00bb1\/3&#8243;][vc_single_image image=\u00bb875&#8243; img_size=\u00bbfull\u00bb qode_css_animation=\u00bb\u00bb][\/vc_column_inner][\/vc_row_inner][vc_column_text css=\u00bb.vc_custom_1710459671225{margin-top: 42px !important;margin-bottom: 32px !important;}\u00bb]<\/p>\n<h1>OTROS SERVICIOS<\/h1>\n<p>[\/vc_column_text][vc_column_text]<strong>SERVICIO A DOMICILIO:<\/strong><\/p>\n<p>Se realiza un servicio podol\u00f3gico integral en el domicilio del paciente. Especialmente dirigido a personas que, dadas sus dificultades f\u00edsicas, encuentran limitada su autonom\u00eda personal. El servicio incluye orientaci\u00f3n personalizada para la prevenci\u00f3n y mejora futura de los pies.<\/p>\n<p><strong>VENDAJES NEUROMUSCULARES:<\/strong><\/p>\n<p>El vendaje neuromuscular (kinesiotaping) es una t\u00e9cnica utilizada en podolog\u00eda y otras disciplinas para el tratamiento de diversas patolog\u00edas relacionadas con los pies y extremidades inferiores.<br \/>\nEstos vendajes aplicados sobre la piel, proporcionan al paciente: soporte, estabilidad, mejora de la propiocepci\u00f3n, reducci\u00f3n de edema, o alivio del dolor, favoreciendo su proceso de recuperaci\u00f3n.<\/p>\n<p><strong>ORTESIS DE SILICONA:<\/strong><\/p>\n<p>Las ortesis son dispositivos personalizados, dise\u00f1ados para ajustarse de forma \u00fanica a las necesidades del paciente, para corregir o aliviar problemas podol\u00f3gicos como: el tratamiento de presiones excesivas y deformidades o posiciones incorrectas digitales, como lo son: los dedos en garra o los \u201cjuanetes\u201d.<\/p>\n<p>Las ortesis se realizan con silicona, un material flexible y moldeable que se adapta a la anatom\u00eda del pie, proporcionando soporte, confort y mejora de la funci\u00f3n del pie, reduciendo molestias y dolores asociados.[\/vc_column_text][vc_separator type=\u00bbnormal\u00bb color=\u00bb#020202&#8243; thickness=\u00bb1&#8243; up=\u00bb42&#8243; down=\u00bb44&#8243; el_class=\u00bbno-display\u00bb][vc_row_inner row_type=\u00bbrow\u00bb type=\u00bbfull_width\u00bb text_align=\u00bbleft\u00bb css_animation=\u00bb\u00bb el_class=\u00bbno-display\u00bb][vc_column_inner][vc_column_text]<strong>2 COMENTARIOS<\/strong>[\/vc_column_text][\/vc_column_inner][\/vc_row_inner][vc_row_inner row_type=\u00bbrow\u00bb type=\u00bbfull_width\u00bb text_align=\u00bbleft\u00bb css_animation=\u00bb\u00bb css=\u00bb.vc_custom_1710539509916{margin-top: 17px !important;padding-top: 25px !important;padding-bottom: 25px !important;background-color: #f6f6f6 !important;}\u00bb el_class=\u00bbno-display\u00bb][vc_column_inner width=\u00bb1\/6&#8243;][vc_single_image image=\u00bb576&#8243; img_size=\u00bb100&#215;100&#8243; alignment=\u00bbcenter\u00bb qode_css_animation=\u00bb\u00bb][\/vc_column_inner][vc_column_inner width=\u00bb5\/6&#8243;][vc_column_text]<strong>JOSEP PINYOL<\/strong>[\/vc_column_text][vc_column_text]11 de Marzo 2024[\/vc_column_text][vc_column_text css=\u00bb.vc_custom_1708201281023{margin-top: 15px !important;}\u00bb]Lorem ipsum dolor sit amet, consectetuer adipiscing elit, sed diam nonummy nibh euismod tincidunt ut laoreet dolore magna aliquam erat volutpat . Ut wisi enim.[\/vc_column_text][\/vc_column_inner][\/vc_row_inner][vc_row_inner row_type=\u00bbrow\u00bb type=\u00bbfull_width\u00bb text_align=\u00bbleft\u00bb css_animation=\u00bb\u00bb css=\u00bb.vc_custom_1710539516579{margin-top: 25px !important;padding-top: 25px !important;padding-bottom: 25px !important;background-color: #f6f6f6 !important;}\u00bb el_class=\u00bbno-display\u00bb][vc_column_inner width=\u00bb1\/6&#8243;][vc_single_image image=\u00bb576&#8243; img_size=\u00bb100&#215;100&#8243; alignment=\u00bbcenter\u00bb qode_css_animation=\u00bb\u00bb][\/vc_column_inner][vc_column_inner width=\u00bb5\/6&#8243;][vc_column_text]<strong>JOSEP PINYOL<\/strong>[\/vc_column_text][vc_column_text]11 de Marzo 2024[\/vc_column_text][vc_column_text css=\u00bb.vc_custom_1708201281023{margin-top: 15px !important;}\u00bb]Lorem ipsum dolor sit amet, consectetuer adipiscing elit, sed diam nonummy nibh euismod tincidunt ut laoreet dolore magna aliquam erat volutpat . Ut wisi enim.[\/vc_column_text][\/vc_column_inner][\/vc_row_inner][\/vc_column][vc_column width=\u00bb1\/4&#8243;][\/vc_column][\/vc_row]<\/p>\n<\/div>","protected":false},"excerpt":{"rendered":"<p>[vc_row css_animation=\u00bb\u00bb row_type=\u00bbrow\u00bb use_row_as_full_screen_section=\u00bbno\u00bb type=\u00bbgrid\u00bb angled_section=\u00bbno\u00bb text_align=\u00bbleft\u00bb background_image_as_pattern=\u00bbwithout_pattern\u00bb z_index=\u00bb\u00bb][vc_column width=\u00bb3\/4&#8243; css=\u00bb.vc_custom_1708556917542{margin-top: 18px !important;}\u00bb][vc_column_text el_class=\u00bbbreadcrumbs\u00bb css=\u00bb.vc_custom_1708556155239{margin-bottom: 5px !important;}\u00bb] [\/vc_column_text][vc_row_inner row_type=\u00bbrow\u00bb type=\u00bbfull_width\u00bb text_align=\u00bbleft\u00bb css_animation=\u00bb\u00bb][vc_column_inner width=\u00bb1\/3&#8243;][vc_single_image image=\u00bb860&#8243; img_size=\u00bbfull\u00bb qode_css_animation=\u00bb\u00bb][\/vc_column_inner][vc_column_inner width=\u00bb1\/3&#8243;][vc_single_image image=\u00bb550&#8243; img_size=\u00bbfull\u00bb qode_css_animation=\u00bb\u00bb][\/vc_column_inner][vc_column_inner width=\u00bb1\/3&#8243;][vc_single_image image=\u00bb875&#8243; img_size=\u00bbfull\u00bb qode_css_animation=\u00bb\u00bb][\/vc_column_inner][\/vc_row_inner][vc_column_text css=\u00bb.vc_custom_1710459671225{margin-top: 42px !important;margin-bottom: 32px !important;}\u00bb] OTROS SERVICIOS [\/vc_column_text][vc_column_text]SERVICIO A DOMICILIO: Se&#8230;<\/p>\n","protected":false},"author":1,"featured_media":0,"parent":919,"menu_order":0,"comment_status":"closed","ping_status":"closed","template":"full_width.php","meta":{"footnotes":""},"yoast_head":"<!-- This site is optimized with the Yoast SEO plugin v22.2 - https:\/\/yoast.com\/wordpress\/plugins\/seo\/ -->\n<title>Otros Servicios - Cl\u00ednica del Peu Jordi Moreno<\/title>\n<meta name=\"description\" content=\"Tambi\u00e9n ofrecemos servicio a domicilio, vendajes neuromusculares y ortesis de silicona\" \/>\n<meta name=\"robots\" content=\"index, follow, max-snippet:-1, max-image-preview:large, max-video-preview:-1\" \/>\n<link rel=\"canonical\" href=\"https:\/\/www.clinicadelpeujordimoreno.com\/es\/servicios\/otros-servicios\/\" \/>\n<meta property=\"og:locale\" content=\"es_ES\" \/>\n<meta property=\"og:type\" content=\"article\" \/>\n<meta property=\"og:title\" content=\"Otros Servicios - Cl\u00ednica del Peu Jordi Moreno\" \/>\n<meta property=\"og:description\" content=\"Tambi\u00e9n ofrecemos servicio a domicilio, vendajes neuromusculares y ortesis de silicona\" \/>\n<meta property=\"og:url\" content=\"https:\/\/www.clinicadelpeujordimoreno.com\/es\/servicios\/otros-servicios\/\" \/>\n<meta property=\"og:site_name\" content=\"Cl\u00ednica del Peu Jordi Moreno\" \/>\n<meta property=\"article:modified_time\" content=\"2024-03-15T21:51:58+00:00\" \/>\n<meta name=\"twitter:card\" content=\"summary_large_image\" \/>\n<meta name=\"twitter:label1\" content=\"Tiempo de lectura\" \/>\n\t<meta name=\"twitter:data1\" content=\"2 minutos\" \/>\n<script type=\"application\/ld+json\" class=\"yoast-schema-graph\">{\"@context\":\"https:\/\/schema.org\",\"@graph\":[{\"@type\":\"WebPage\",\"@id\":\"https:\/\/www.clinicadelpeujordimoreno.com\/es\/servicios\/otros-servicios\/\",\"url\":\"https:\/\/www.clinicadelpeujordimoreno.com\/es\/servicios\/otros-servicios\/\",\"name\":\"Otros Servicios - Cl\u00ednica del Peu Jordi Moreno\",\"isPartOf\":{\"@id\":\"https:\/\/www.clinicadelpeujordimoreno.com\/#website\"},\"datePublished\":\"2024-02-22T20:42:05+00:00\",\"dateModified\":\"2024-03-15T21:51:58+00:00\",\"description\":\"Tambi\u00e9n ofrecemos servicio a domicilio, vendajes neuromusculares y ortesis de silicona\",\"breadcrumb\":{\"@id\":\"https:\/\/www.clinicadelpeujordimoreno.com\/es\/servicios\/otros-servicios\/#breadcrumb\"},\"inLanguage\":\"es\",\"potentialAction\":[{\"@type\":\"ReadAction\",\"target\":[\"https:\/\/www.clinicadelpeujordimoreno.com\/es\/servicios\/otros-servicios\/\"]}]},{\"@type\":\"BreadcrumbList\",\"@id\":\"https:\/\/www.clinicadelpeujordimoreno.com\/es\/servicios\/otros-servicios\/#breadcrumb\",\"itemListElement\":[{\"@type\":\"ListItem\",\"position\":1,\"name\":\"Inici\",\"item\":\"https:\/\/www.clinicadelpeujordimoreno.com\/es\/\"},{\"@type\":\"ListItem\",\"position\":2,\"name\":\"Servicios\",\"item\":\"https:\/\/www.clinicadelpeujordimoreno.com\/es\/servicios\/\"},{\"@type\":\"ListItem\",\"position\":3,\"name\":\"Otros Servicios\"}]},{\"@type\":\"WebSite\",\"@id\":\"https:\/\/www.clinicadelpeujordimoreno.com\/#website\",\"url\":\"https:\/\/www.clinicadelpeujordimoreno.com\/\",\"name\":\"Cl\u00ednica del Peu Jordi Moreno\",\"description\":\"S\u00f3lo otro sitio de WordPress\",\"publisher\":{\"@id\":\"https:\/\/www.clinicadelpeujordimoreno.com\/#organization\"},\"potentialAction\":[{\"@type\":\"SearchAction\",\"target\":{\"@type\":\"EntryPoint\",\"urlTemplate\":\"https:\/\/www.clinicadelpeujordimoreno.com\/?s={search_term_string}\"},\"query-input\":\"required name=search_term_string\"}],\"inLanguage\":\"es\"},{\"@type\":\"Organization\",\"@id\":\"https:\/\/www.clinicadelpeujordimoreno.com\/#organization\",\"name\":\"Cl\u00ednica del Peu Jordi Moreno\",\"url\":\"https:\/\/www.clinicadelpeujordimoreno.com\/\",\"logo\":{\"@type\":\"ImageObject\",\"inLanguage\":\"es\",\"@id\":\"https:\/\/www.clinicadelpeujordimoreno.com\/#\/schema\/logo\/image\/\",\"url\":\"https:\/\/www.clinicadelpeujordimoreno.com\/wp-content\/uploads\/2024\/02\/logo-clinica-del-peu-jordi-moreno.png\",\"contentUrl\":\"https:\/\/www.clinicadelpeujordimoreno.com\/wp-content\/uploads\/2024\/02\/logo-clinica-del-peu-jordi-moreno.png\",\"width\":300,\"height\":70,\"caption\":\"Cl\u00ednica del Peu Jordi Moreno\"},\"image\":{\"@id\":\"https:\/\/www.clinicadelpeujordimoreno.com\/#\/schema\/logo\/image\/\"},\"sameAs\":[\"https:\/\/www.instagram.com\/clinicadelpeujordimoreno\"]}]}<\/script>\n<!-- \/ Yoast SEO plugin. -->","yoast_head_json":{"title":"Otros Servicios - Cl\u00ednica del Peu Jordi Moreno","description":"Tambi\u00e9n ofrecemos servicio a domicilio, vendajes neuromusculares y ortesis de silicona","robots":{"index":"index","follow":"follow","max-snippet":"max-snippet:-1","max-image-preview":"max-image-preview:large","max-video-preview":"max-video-preview:-1"},"canonical":"https:\/\/www.clinicadelpeujordimoreno.com\/es\/servicios\/otros-servicios\/","og_locale":"es_ES","og_type":"article","og_title":"Otros Servicios - Cl\u00ednica del Peu Jordi Moreno","og_description":"Tambi\u00e9n ofrecemos servicio a domicilio, vendajes neuromusculares y ortesis de silicona","og_url":"https:\/\/www.clinicadelpeujordimoreno.com\/es\/servicios\/otros-servicios\/","og_site_name":"Cl\u00ednica del Peu Jordi Moreno","article_modified_time":"2024-03-15T21:51:58+00:00","twitter_card":"summary_large_image","twitter_misc":{"Tiempo de lectura":"2 minutos"},"schema":{"@context":"https:\/\/schema.org","@graph":[{"@type":"WebPage","@id":"https:\/\/www.clinicadelpeujordimoreno.com\/es\/servicios\/otros-servicios\/","url":"https:\/\/www.clinicadelpeujordimoreno.com\/es\/servicios\/otros-servicios\/","name":"Otros Servicios - Cl\u00ednica del Peu Jordi Moreno","isPartOf":{"@id":"https:\/\/www.clinicadelpeujordimoreno.com\/#website"},"datePublished":"2024-02-22T20:42:05+00:00","dateModified":"2024-03-15T21:51:58+00:00","description":"Tambi\u00e9n ofrecemos servicio a domicilio, vendajes neuromusculares y ortesis de silicona","breadcrumb":{"@id":"https:\/\/www.clinicadelpeujordimoreno.com\/es\/servicios\/otros-servicios\/#breadcrumb"},"inLanguage":"es","potentialAction":[{"@type":"ReadAction","target":["https:\/\/www.clinicadelpeujordimoreno.com\/es\/servicios\/otros-servicios\/"]}]},{"@type":"BreadcrumbList","@id":"https:\/\/www.clinicadelpeujordimoreno.com\/es\/servicios\/otros-servicios\/#breadcrumb","itemListElement":[{"@type":"ListItem","position":1,"name":"Inici","item":"https:\/\/www.clinicadelpeujordimoreno.com\/es\/"},{"@type":"ListItem","position":2,"name":"Servicios","item":"https:\/\/www.clinicadelpeujordimoreno.com\/es\/servicios\/"},{"@type":"ListItem","position":3,"name":"Otros Servicios"}]},{"@type":"WebSite","@id":"https:\/\/www.clinicadelpeujordimoreno.com\/#website","url":"https:\/\/www.clinicadelpeujordimoreno.com\/","name":"Cl\u00ednica del Peu Jordi Moreno","description":"S\u00f3lo otro sitio de WordPress","publisher":{"@id":"https:\/\/www.clinicadelpeujordimoreno.com\/#organization"},"potentialAction":[{"@type":"SearchAction","target":{"@type":"EntryPoint","urlTemplate":"https:\/\/www.clinicadelpeujordimoreno.com\/?s={search_term_string}"},"query-input":"required name=search_term_string"}],"inLanguage":"es"},{"@type":"Organization","@id":"https:\/\/www.clinicadelpeujordimoreno.com\/#organization","name":"Cl\u00ednica del Peu Jordi Moreno","url":"https:\/\/www.clinicadelpeujordimoreno.com\/","logo":{"@type":"ImageObject","inLanguage":"es","@id":"https:\/\/www.clinicadelpeujordimoreno.com\/#\/schema\/logo\/image\/","url":"https:\/\/www.clinicadelpeujordimoreno.com\/wp-content\/uploads\/2024\/02\/logo-clinica-del-peu-jordi-moreno.png","contentUrl":"https:\/\/www.clinicadelpeujordimoreno.com\/wp-content\/uploads\/2024\/02\/logo-clinica-del-peu-jordi-moreno.png","width":300,"height":70,"caption":"Cl\u00ednica del Peu Jordi Moreno"},"image":{"@id":"https:\/\/www.clinicadelpeujordimoreno.com\/#\/schema\/logo\/image\/"},"sameAs":["https:\/\/www.instagram.com\/clinicadelpeujordimoreno"]}]}},"_links":{"self":[{"href":"https:\/\/www.clinicadelpeujordimoreno.com\/es\/wp-json\/wp\/v2\/pages\/966"}],"collection":[{"href":"https:\/\/www.clinicadelpeujordimoreno.com\/es\/wp-json\/wp\/v2\/pages"}],"about":[{"href":"https:\/\/www.clinicadelpeujordimoreno.com\/es\/wp-json\/wp\/v2\/types\/page"}],"author":[{"embeddable":true,"href":"https:\/\/www.clinicadelpeujordimoreno.com\/es\/wp-json\/wp\/v2\/users\/1"}],"replies":[{"embeddable":true,"href":"https:\/\/www.clinicadelpeujordimoreno.com\/es\/wp-json\/wp\/v2\/comments?post=966"}],"version-history":[{"count":3,"href":"https:\/\/www.clinicadelpeujordimoreno.com\/es\/wp-json\/wp\/v2\/pages\/966\/revisions"}],"predecessor-version":[{"id":1033,"href":"https:\/\/www.clinicadelpeujordimoreno.com\/es\/wp-json\/wp\/v2\/pages\/966\/revisions\/1033"}],"up":[{"embeddable":true,"href":"https:\/\/www.clinicadelpeujordimoreno.com\/es\/wp-json\/wp\/v2\/pages\/919"}],"wp:attachment":[{"href":"https:\/\/www.clinicadelpeujordimoreno.com\/es\/wp-json\/wp\/v2\/media?parent=966"}],"curies":[{"name":"wp","href":"https:\/\/api.w.org\/{rel}","templated":true}]}}