{"id":954,"date":"2024-02-22T20:32:51","date_gmt":"2024-02-22T20:32:51","guid":{"rendered":"https:\/\/www.clinicadelpeujordimoreno.com\/?page_id=954"},"modified":"2024-03-18T22:23:25","modified_gmt":"2024-03-18T22:23:25","slug":"plantillas-personalizadas","status":"publish","type":"page","link":"https:\/\/www.clinicadelpeujordimoreno.com\/es\/servicios\/plantillas-personalizadas\/","title":{"rendered":"Plantillas Personalizadas"},"content":{"rendered":"<div class=\"wpb-content-wrapper\"><p>[vc_row css_animation=\u00bb\u00bb row_type=\u00bbrow\u00bb use_row_as_full_screen_section=\u00bbno\u00bb type=\u00bbgrid\u00bb angled_section=\u00bbno\u00bb text_align=\u00bbleft\u00bb background_image_as_pattern=\u00bbwithout_pattern\u00bb z_index=\u00bb\u00bb][vc_column width=\u00bb3\/4&#8243; css=\u00bb.vc_custom_1708556917542{margin-top: 18px !important;}\u00bb][vc_column_text el_class=\u00bbbreadcrumbs\u00bb css=\u00bb.vc_custom_1708556155239{margin-bottom: 5px !important;}\u00bb]<\/p>\n<pre class=\"wp-block-code\"><code class=\"hljs json\"><span><span><a href=\"https:\/\/www.clinicadelpeujordimoreno.com\/es\/\">Inici<\/a><\/span><\/span><\/code><\/pre>\n<p>[\/vc_column_text][vc_row_inner row_type=\u00bbrow\u00bb type=\u00bbfull_width\u00bb text_align=\u00bbleft\u00bb css_animation=\u00bb\u00bb][vc_column_inner width=\u00bb1\/3&#8243;][vc_single_image image=\u00bb842&#8243; img_size=\u00bbfull\u00bb qode_css_animation=\u00bb\u00bb][\/vc_column_inner][vc_column_inner width=\u00bb1\/3&#8243;][vc_single_image image=\u00bb840&#8243; img_size=\u00bbfull\u00bb qode_css_animation=\u00bb\u00bb][\/vc_column_inner][vc_column_inner width=\u00bb1\/3&#8243;][\/vc_column_inner][\/vc_row_inner][vc_column_text css=\u00bb.vc_custom_1710458426188{margin-top: 42px !important;margin-bottom: 32px !important;}\u00bb]<\/p>\n<h1>PLANTILLAS PERSONALIZADAS<\/h1>\n<p>[\/vc_column_text][vc_column_text]Los soportes plantares o plantillas son, en algunos casos, el tratamiento posterior a los resultados obtenidos en el estudio biomec\u00e1nico de la marcha.<\/p>\n<p>Una vez realizado el estudio biomec\u00e1nico detallado de la marcha, se obtiene un diagn\u00f3stico preciso que permite identificar las causas mec\u00e1nicas que provocan una descompensaci\u00f3n.<\/p>\n<p>Partiendo de esta informaci\u00f3n, se escoge la mejor opci\u00f3n para obtener, de forma precisa y rigurosa, el molde del pie, reproduciendo las correcciones o compensaciones necesarias, incluidas en la plantilla que se entrega. El dise\u00f1o est\u00e1 basado en los distintos par\u00e1metros obtenidos en el estudio.<\/p>\n<p>Las plantillas son personalizadas y espec\u00edficas para cada paciente. Posibilitan la compensaci\u00f3n y\/o correcci\u00f3n gradual de las alteraciones observadas y se configuran seg\u00fan las caracter\u00edsticas y necesidades de cada persona.<\/p>\n<p>Las plantillas personalizadas pueden permitir:<\/p>\n<ul>\n<li>Optimizar la movilidad<\/li>\n<li>Mejorar la estabilidad<\/li>\n<li>Compensar y\/o corregir la actitud postural global<\/li>\n<li>Ayudar a la prevenci\u00f3n de lesiones<\/li>\n<li>Disminuir el dolor<\/li>\n<li>Aumentar el rendimiento deportivo<\/li>\n<li>Elevar la calidad de vida<\/li>\n<\/ul>\n<p>&nbsp;<\/p>\n<p>Las plantillas personalizadas se confeccionan para todos los grupos de edad, desde la etapa infantil, a la adulta y a la vejez.<\/p>\n<p>La adaptaci\u00f3n de las plantillas que se introducen en el calzado es parte fundamental del tratamiento establecido. Por este motivo se ofrece evaluaci\u00f3n y consejo para que la trilog\u00eda, pie-calzado-plantilla focalicen hacia la mejora.<\/p>\n<p>El tratamiento incluye un seguimiento con una revisi\u00f3n a las 4 semanas y al a\u00f1o del tratamiento. La adaptaci\u00f3n es un proceso progresivo en funci\u00f3n de la actividad f\u00edsica que se realiza, de esta forma el programa est\u00e1 adaptado a las necesidades y caracter\u00edsticas de cada persona.[\/vc_column_text][vc_separator type=\u00bbnormal\u00bb color=\u00bb#020202&#8243; thickness=\u00bb1&#8243; up=\u00bb42&#8243; down=\u00bb44&#8243;][vc_row_inner row_type=\u00bbrow\u00bb type=\u00bbfull_width\u00bb text_align=\u00bbleft\u00bb css_animation=\u00bb\u00bb][vc_column_inner][vc_column_text]<strong>1 COMENTARIO<\/strong>[\/vc_column_text][\/vc_column_inner][\/vc_row_inner][vc_row_inner row_type=\u00bbrow\u00bb type=\u00bbfull_width\u00bb text_align=\u00bbleft\u00bb css_animation=\u00bb\u00bb css=\u00bb.vc_custom_1708201225759{margin-top: 17px !important;padding-top: 25px !important;padding-bottom: 25px !important;background-color: #f6f6f6 !important;}\u00bb][vc_column_inner width=\u00bb1\/6&#8243;][vc_single_image image=\u00bb576&#8243; img_size=\u00bb100&#215;100&#8243; alignment=\u00bbcenter\u00bb qode_css_animation=\u00bb\u00bb][\/vc_column_inner][vc_column_inner width=\u00bb5\/6&#8243;][vc_column_text]<strong>ELENA IVANOVA<\/strong>[\/vc_column_text][vc_column_text]13 de Marzo 2024[\/vc_column_text][vc_column_text css=\u00bb.vc_custom_1710800602656{margin-top: 15px !important;}\u00bb]Estoy muy satisfecha con mi visita al pod\u00f3logo para hacerme unas nuevas plantillas. Jordi Moreno demostr\u00f3 ser extremadamente profesional y atento a mis necesidades espec\u00edficas. Despu\u00e9s de una consulta detallada, las plantillas fueron perfectamente adaptadas a mi pie. Desde un primer momento han mejorado notablemente mi comodidad y postura tanto en la vida cotidiana como a la hora de practicar deporte.[\/vc_column_text][\/vc_column_inner][\/vc_row_inner][\/vc_column][vc_column width=\u00bb1\/4&#8243;][\/vc_column][\/vc_row]<\/p>\n<\/div>","protected":false},"excerpt":{"rendered":"<p>[vc_row css_animation=\u00bb\u00bb row_type=\u00bbrow\u00bb use_row_as_full_screen_section=\u00bbno\u00bb type=\u00bbgrid\u00bb angled_section=\u00bbno\u00bb text_align=\u00bbleft\u00bb background_image_as_pattern=\u00bbwithout_pattern\u00bb z_index=\u00bb\u00bb][vc_column width=\u00bb3\/4&#8243; css=\u00bb.vc_custom_1708556917542{margin-top: 18px !important;}\u00bb][vc_column_text el_class=\u00bbbreadcrumbs\u00bb css=\u00bb.vc_custom_1708556155239{margin-bottom: 5px !important;}\u00bb] [\/vc_column_text][vc_row_inner row_type=\u00bbrow\u00bb type=\u00bbfull_width\u00bb text_align=\u00bbleft\u00bb css_animation=\u00bb\u00bb][vc_column_inner width=\u00bb1\/3&#8243;][vc_single_image image=\u00bb842&#8243; img_size=\u00bbfull\u00bb qode_css_animation=\u00bb\u00bb][\/vc_column_inner][vc_column_inner width=\u00bb1\/3&#8243;][vc_single_image image=\u00bb840&#8243; img_size=\u00bbfull\u00bb qode_css_animation=\u00bb\u00bb][\/vc_column_inner][vc_column_inner width=\u00bb1\/3&#8243;][\/vc_column_inner][\/vc_row_inner][vc_column_text css=\u00bb.vc_custom_1710458426188{margin-top: 42px !important;margin-bottom: 32px !important;}\u00bb] PLANTILLAS PERSONALIZADAS [\/vc_column_text][vc_column_text]Los soportes plantares o plantillas son, en&#8230;<\/p>\n","protected":false},"author":1,"featured_media":0,"parent":919,"menu_order":0,"comment_status":"closed","ping_status":"closed","template":"full_width.php","meta":{"footnotes":""},"yoast_head":"<!-- This site is optimized with the Yoast SEO plugin v22.2 - https:\/\/yoast.com\/wordpress\/plugins\/seo\/ -->\n<title>Plantillas Personalizadas - Cl\u00ednica del Peu Jordi Moreno<\/title>\n<meta name=\"description\" content=\"Realizamos un diagn\u00f3stico preciso que permite identificar las causas mec\u00e1nicas que provocan una descompensaci\u00f3n\" \/>\n<meta name=\"robots\" content=\"index, follow, max-snippet:-1, max-image-preview:large, max-video-preview:-1\" \/>\n<link rel=\"canonical\" href=\"https:\/\/www.clinicadelpeujordimoreno.com\/es\/servicios\/plantillas-personalizadas\/\" \/>\n<meta property=\"og:locale\" content=\"es_ES\" \/>\n<meta property=\"og:type\" content=\"article\" \/>\n<meta property=\"og:title\" content=\"Plantillas Personalizadas - Cl\u00ednica del Peu Jordi Moreno\" \/>\n<meta property=\"og:description\" content=\"Realizamos un diagn\u00f3stico preciso que permite identificar las causas mec\u00e1nicas que provocan una descompensaci\u00f3n\" \/>\n<meta property=\"og:url\" content=\"https:\/\/www.clinicadelpeujordimoreno.com\/es\/servicios\/plantillas-personalizadas\/\" \/>\n<meta property=\"og:site_name\" content=\"Cl\u00ednica del Peu Jordi Moreno\" \/>\n<meta property=\"article:modified_time\" content=\"2024-03-18T22:23:25+00:00\" \/>\n<meta name=\"twitter:card\" content=\"summary_large_image\" \/>\n<meta name=\"twitter:label1\" content=\"Tiempo de lectura\" \/>\n\t<meta name=\"twitter:data1\" content=\"3 minutos\" \/>\n<script type=\"application\/ld+json\" class=\"yoast-schema-graph\">{\"@context\":\"https:\/\/schema.org\",\"@graph\":[{\"@type\":\"WebPage\",\"@id\":\"https:\/\/www.clinicadelpeujordimoreno.com\/es\/servicios\/plantillas-personalizadas\/\",\"url\":\"https:\/\/www.clinicadelpeujordimoreno.com\/es\/servicios\/plantillas-personalizadas\/\",\"name\":\"Plantillas Personalizadas - Cl\u00ednica del Peu Jordi Moreno\",\"isPartOf\":{\"@id\":\"https:\/\/www.clinicadelpeujordimoreno.com\/#website\"},\"datePublished\":\"2024-02-22T20:32:51+00:00\",\"dateModified\":\"2024-03-18T22:23:25+00:00\",\"description\":\"Realizamos un diagn\u00f3stico preciso que permite identificar las causas mec\u00e1nicas que provocan una descompensaci\u00f3n\",\"breadcrumb\":{\"@id\":\"https:\/\/www.clinicadelpeujordimoreno.com\/es\/servicios\/plantillas-personalizadas\/#breadcrumb\"},\"inLanguage\":\"es\",\"potentialAction\":[{\"@type\":\"ReadAction\",\"target\":[\"https:\/\/www.clinicadelpeujordimoreno.com\/es\/servicios\/plantillas-personalizadas\/\"]}]},{\"@type\":\"BreadcrumbList\",\"@id\":\"https:\/\/www.clinicadelpeujordimoreno.com\/es\/servicios\/plantillas-personalizadas\/#breadcrumb\",\"itemListElement\":[{\"@type\":\"ListItem\",\"position\":1,\"name\":\"Inici\",\"item\":\"https:\/\/www.clinicadelpeujordimoreno.com\/es\/\"},{\"@type\":\"ListItem\",\"position\":2,\"name\":\"Servicios\",\"item\":\"https:\/\/www.clinicadelpeujordimoreno.com\/es\/servicios\/\"},{\"@type\":\"ListItem\",\"position\":3,\"name\":\"Plantillas Personalizadas\"}]},{\"@type\":\"WebSite\",\"@id\":\"https:\/\/www.clinicadelpeujordimoreno.com\/#website\",\"url\":\"https:\/\/www.clinicadelpeujordimoreno.com\/\",\"name\":\"Cl\u00ednica del Peu Jordi Moreno\",\"description\":\"S\u00f3lo otro sitio de WordPress\",\"publisher\":{\"@id\":\"https:\/\/www.clinicadelpeujordimoreno.com\/#organization\"},\"potentialAction\":[{\"@type\":\"SearchAction\",\"target\":{\"@type\":\"EntryPoint\",\"urlTemplate\":\"https:\/\/www.clinicadelpeujordimoreno.com\/?s={search_term_string}\"},\"query-input\":\"required name=search_term_string\"}],\"inLanguage\":\"es\"},{\"@type\":\"Organization\",\"@id\":\"https:\/\/www.clinicadelpeujordimoreno.com\/#organization\",\"name\":\"Cl\u00ednica del Peu Jordi Moreno\",\"url\":\"https:\/\/www.clinicadelpeujordimoreno.com\/\",\"logo\":{\"@type\":\"ImageObject\",\"inLanguage\":\"es\",\"@id\":\"https:\/\/www.clinicadelpeujordimoreno.com\/#\/schema\/logo\/image\/\",\"url\":\"https:\/\/www.clinicadelpeujordimoreno.com\/wp-content\/uploads\/2024\/02\/logo-clinica-del-peu-jordi-moreno.png\",\"contentUrl\":\"https:\/\/www.clinicadelpeujordimoreno.com\/wp-content\/uploads\/2024\/02\/logo-clinica-del-peu-jordi-moreno.png\",\"width\":300,\"height\":70,\"caption\":\"Cl\u00ednica del Peu Jordi Moreno\"},\"image\":{\"@id\":\"https:\/\/www.clinicadelpeujordimoreno.com\/#\/schema\/logo\/image\/\"},\"sameAs\":[\"https:\/\/www.instagram.com\/clinicadelpeujordimoreno\"]}]}<\/script>\n<!-- \/ Yoast SEO plugin. -->","yoast_head_json":{"title":"Plantillas Personalizadas - Cl\u00ednica del Peu Jordi Moreno","description":"Realizamos un diagn\u00f3stico preciso que permite identificar las causas mec\u00e1nicas que provocan una descompensaci\u00f3n","robots":{"index":"index","follow":"follow","max-snippet":"max-snippet:-1","max-image-preview":"max-image-preview:large","max-video-preview":"max-video-preview:-1"},"canonical":"https:\/\/www.clinicadelpeujordimoreno.com\/es\/servicios\/plantillas-personalizadas\/","og_locale":"es_ES","og_type":"article","og_title":"Plantillas Personalizadas - Cl\u00ednica del Peu Jordi Moreno","og_description":"Realizamos un diagn\u00f3stico preciso que permite identificar las causas mec\u00e1nicas que provocan una descompensaci\u00f3n","og_url":"https:\/\/www.clinicadelpeujordimoreno.com\/es\/servicios\/plantillas-personalizadas\/","og_site_name":"Cl\u00ednica del Peu Jordi Moreno","article_modified_time":"2024-03-18T22:23:25+00:00","twitter_card":"summary_large_image","twitter_misc":{"Tiempo de lectura":"3 minutos"},"schema":{"@context":"https:\/\/schema.org","@graph":[{"@type":"WebPage","@id":"https:\/\/www.clinicadelpeujordimoreno.com\/es\/servicios\/plantillas-personalizadas\/","url":"https:\/\/www.clinicadelpeujordimoreno.com\/es\/servicios\/plantillas-personalizadas\/","name":"Plantillas Personalizadas - Cl\u00ednica del Peu Jordi Moreno","isPartOf":{"@id":"https:\/\/www.clinicadelpeujordimoreno.com\/#website"},"datePublished":"2024-02-22T20:32:51+00:00","dateModified":"2024-03-18T22:23:25+00:00","description":"Realizamos un diagn\u00f3stico preciso que permite identificar las causas mec\u00e1nicas que provocan una descompensaci\u00f3n","breadcrumb":{"@id":"https:\/\/www.clinicadelpeujordimoreno.com\/es\/servicios\/plantillas-personalizadas\/#breadcrumb"},"inLanguage":"es","potentialAction":[{"@type":"ReadAction","target":["https:\/\/www.clinicadelpeujordimoreno.com\/es\/servicios\/plantillas-personalizadas\/"]}]},{"@type":"BreadcrumbList","@id":"https:\/\/www.clinicadelpeujordimoreno.com\/es\/servicios\/plantillas-personalizadas\/#breadcrumb","itemListElement":[{"@type":"ListItem","position":1,"name":"Inici","item":"https:\/\/www.clinicadelpeujordimoreno.com\/es\/"},{"@type":"ListItem","position":2,"name":"Servicios","item":"https:\/\/www.clinicadelpeujordimoreno.com\/es\/servicios\/"},{"@type":"ListItem","position":3,"name":"Plantillas Personalizadas"}]},{"@type":"WebSite","@id":"https:\/\/www.clinicadelpeujordimoreno.com\/#website","url":"https:\/\/www.clinicadelpeujordimoreno.com\/","name":"Cl\u00ednica del Peu Jordi Moreno","description":"S\u00f3lo otro sitio de WordPress","publisher":{"@id":"https:\/\/www.clinicadelpeujordimoreno.com\/#organization"},"potentialAction":[{"@type":"SearchAction","target":{"@type":"EntryPoint","urlTemplate":"https:\/\/www.clinicadelpeujordimoreno.com\/?s={search_term_string}"},"query-input":"required name=search_term_string"}],"inLanguage":"es"},{"@type":"Organization","@id":"https:\/\/www.clinicadelpeujordimoreno.com\/#organization","name":"Cl\u00ednica del Peu Jordi Moreno","url":"https:\/\/www.clinicadelpeujordimoreno.com\/","logo":{"@type":"ImageObject","inLanguage":"es","@id":"https:\/\/www.clinicadelpeujordimoreno.com\/#\/schema\/logo\/image\/","url":"https:\/\/www.clinicadelpeujordimoreno.com\/wp-content\/uploads\/2024\/02\/logo-clinica-del-peu-jordi-moreno.png","contentUrl":"https:\/\/www.clinicadelpeujordimoreno.com\/wp-content\/uploads\/2024\/02\/logo-clinica-del-peu-jordi-moreno.png","width":300,"height":70,"caption":"Cl\u00ednica del Peu Jordi Moreno"},"image":{"@id":"https:\/\/www.clinicadelpeujordimoreno.com\/#\/schema\/logo\/image\/"},"sameAs":["https:\/\/www.instagram.com\/clinicadelpeujordimoreno"]}]}},"_links":{"self":[{"href":"https:\/\/www.clinicadelpeujordimoreno.com\/es\/wp-json\/wp\/v2\/pages\/954"}],"collection":[{"href":"https:\/\/www.clinicadelpeujordimoreno.com\/es\/wp-json\/wp\/v2\/pages"}],"about":[{"href":"https:\/\/www.clinicadelpeujordimoreno.com\/es\/wp-json\/wp\/v2\/types\/page"}],"author":[{"embeddable":true,"href":"https:\/\/www.clinicadelpeujordimoreno.com\/es\/wp-json\/wp\/v2\/users\/1"}],"replies":[{"embeddable":true,"href":"https:\/\/www.clinicadelpeujordimoreno.com\/es\/wp-json\/wp\/v2\/comments?post=954"}],"version-history":[{"count":10,"href":"https:\/\/www.clinicadelpeujordimoreno.com\/es\/wp-json\/wp\/v2\/pages\/954\/revisions"}],"predecessor-version":[{"id":1095,"href":"https:\/\/www.clinicadelpeujordimoreno.com\/es\/wp-json\/wp\/v2\/pages\/954\/revisions\/1095"}],"up":[{"embeddable":true,"href":"https:\/\/www.clinicadelpeujordimoreno.com\/es\/wp-json\/wp\/v2\/pages\/919"}],"wp:attachment":[{"href":"https:\/\/www.clinicadelpeujordimoreno.com\/es\/wp-json\/wp\/v2\/media?parent=954"}],"curies":[{"name":"wp","href":"https:\/\/api.w.org\/{rel}","templated":true}]}}