{"id":944,"date":"2024-02-21T22:34:26","date_gmt":"2024-02-21T22:34:26","guid":{"rendered":"https:\/\/www.clinicadelpeujordimoreno.com\/?page_id=944"},"modified":"2024-03-18T22:21:53","modified_gmt":"2024-03-18T22:21:53","slug":"podologia-deportiva","status":"publish","type":"page","link":"https:\/\/www.clinicadelpeujordimoreno.com\/es\/servicios\/podologia-deportiva\/","title":{"rendered":"Podolog\u00eda Deportiva"},"content":{"rendered":"<div class=\"wpb-content-wrapper\"><p>[vc_row css_animation=\u00bb\u00bb row_type=\u00bbrow\u00bb use_row_as_full_screen_section=\u00bbno\u00bb type=\u00bbgrid\u00bb angled_section=\u00bbno\u00bb text_align=\u00bbleft\u00bb background_image_as_pattern=\u00bbwithout_pattern\u00bb z_index=\u00bb\u00bb][vc_column width=\u00bb3\/4&#8243; css=\u00bb.vc_custom_1708556873965{margin-top: 18px !important;}\u00bb][vc_column_text el_class=\u00bbbreadcrumbs\u00bb css=\u00bb.vc_custom_1708556155239{margin-bottom: 5px !important;}\u00bb]<\/p>\n<pre class=\"wp-block-code\"><code class=\"hljs json\"><span><span><a href=\"https:\/\/www.clinicadelpeujordimoreno.com\/es\/\">Inici<\/a><\/span><\/span><\/code><\/pre>\n<p>[\/vc_column_text][vc_row_inner row_type=\u00bbrow\u00bb type=\u00bbfull_width\u00bb text_align=\u00bbleft\u00bb css_animation=\u00bb\u00bb][vc_column_inner width=\u00bb1\/3&#8243;][vc_single_image image=\u00bb817&#8243; img_size=\u00bbfull\u00bb qode_css_animation=\u00bb\u00bb css=\u00bb.vc_custom_1710281943754{margin-bottom: 30px !important;}\u00bb][vc_single_image image=\u00bb821&#8243; img_size=\u00bbfull\u00bb qode_css_animation=\u00bb\u00bb][\/vc_column_inner][vc_column_inner width=\u00bb1\/3&#8243;][vc_single_image image=\u00bb819&#8243; img_size=\u00bbfull\u00bb qode_css_animation=\u00bb\u00bb css=\u00bb.vc_custom_1710281934662{margin-bottom: 30px !important;}\u00bb][vc_single_image image=\u00bb823&#8243; img_size=\u00bbfull\u00bb qode_css_animation=\u00bb\u00bb css=\u00bb.vc_custom_1710281654045{border-bottom-width: 30px !important;}\u00bb][\/vc_column_inner][vc_column_inner width=\u00bb1\/3&#8243;][vc_single_image image=\u00bb1003&#8243; img_size=\u00bbfull\u00bb qode_css_animation=\u00bb\u00bb css=\u00bb.vc_custom_1710522713466{margin-bottom: 30px !important;}\u00bb][vc_single_image image=\u00bb1001&#8243; img_size=\u00bbfull\u00bb qode_css_animation=\u00bb\u00bb css=\u00bb.vc_custom_1710522893715{border-bottom-width: 30px !important;}\u00bb][\/vc_column_inner][\/vc_row_inner][vc_column_text css=\u00bb.vc_custom_1710458008619{margin-top: 42px !important;margin-bottom: 32px !important;}\u00bb]<\/p>\n<h1>PODOLOG\u00cdA DEPORTIVA<\/h1>\n<p>[\/vc_column_text][vc_column_text]La Podolog\u00eda Deportiva se dedica al estudio y tratamiento de las afecciones a los pies de los deportistas con el objetivo de prevenir lesiones y mejorar el rendimiento.<\/p>\n<p>La exploraci\u00f3n podol\u00f3gica se realiza en diversas fases, analizando posibles desequilibrios en distintas estructuras como tobillos, pies,rodillas, pelvis y columna vertebral. Es crucial entender el gesto deportivo y aplicar tratamientos para neutralizar o compensar cargas perjudiciales.<\/p>\n<p>Mediante tecnolog\u00eda avanzada se realiza un an\u00e1lisis de las fuerzas generadas durante la actividad deportiva espec\u00edfica para evitar lesiones y optimizar el rendimiento deportivo.<\/p>\n<p>El an\u00e1lisis biomec\u00e1nico completo que se aplica, incluye actitud postural, baropodometr\u00eda est\u00e1tica y din\u00e1mica, as\u00ed como un an\u00e1lisis detallado del movimiento en cinta de correr, an\u00e1lisis de la t\u00e9cnica de carrera mediante RunScribe \u00a9 y videograf\u00eda.<\/p>\n<p>Se ofrece asesoramiento a la hora de seleccionar la mejor opci\u00f3n en calzado deportivo en funci\u00f3n de la biomec\u00e1nica que se presenta.<\/p>\n<p>En el algoritmo terap\u00e9utico con el que trabajo, no s\u00f3lo est\u00e1 la plantilla, ya que practico trabajo en equipo colaborando estrechamente con otros profesionales, para de esta forma asegurar un enfoque integral.<\/p>\n<p>Como amante del deporte desde la infancia en categor\u00edas amateurs, comprendo las inquietudes asociadas a las lesiones. Puedo ayudar a evitarlas y, si llegan a suceder, acompa\u00f1ar en el proceso de recuperaci\u00f3n.[\/vc_column_text][vc_separator type=\u00bbnormal\u00bb color=\u00bb#020202&#8243; thickness=\u00bb1&#8243; up=\u00bb42&#8243; down=\u00bb44&#8243;][vc_row_inner row_type=\u00bbrow\u00bb type=\u00bbfull_width\u00bb text_align=\u00bbleft\u00bb css_animation=\u00bb\u00bb][vc_column_inner][vc_column_text]<strong>1 COMENTARIO<\/strong>[\/vc_column_text][\/vc_column_inner][\/vc_row_inner][vc_row_inner row_type=\u00bbrow\u00bb type=\u00bbfull_width\u00bb text_align=\u00bbleft\u00bb css_animation=\u00bb\u00bb css=\u00bb.vc_custom_1708201225759{margin-top: 17px !important;padding-top: 25px !important;padding-bottom: 25px !important;background-color: #f6f6f6 !important;}\u00bb][vc_column_inner width=\u00bb1\/6&#8243;][vc_single_image image=\u00bb576&#8243; img_size=\u00bb100&#215;100&#8243; alignment=\u00bbcenter\u00bb qode_css_animation=\u00bb\u00bb][\/vc_column_inner][vc_column_inner width=\u00bb5\/6&#8243;][vc_column_text]<strong>ELENA S\u00c1NCHEZ<\/strong>[\/vc_column_text][vc_column_text]12 de Marzo 2024[\/vc_column_text][vc_column_text css=\u00bb.vc_custom_1710800511211{margin-top: 15px !important;}\u00bb]Despu\u00e9s de enfrentar un problema de heridas y ampollas durante la pr\u00e1ctica deportiva, acud\u00ed a la Cl\u00ednica del Pie de Jordi Moreno para pedir ayuda. Mi experiencia fue excepcional. Jordi me trat\u00f3 con mucha atenci\u00f3n y profesionalidad. Gracias a sus cuidados expertos, ahora puedo volver a entrenar sin preocupaciones.[\/vc_column_text][\/vc_column_inner][\/vc_row_inner][\/vc_column][vc_column width=\u00bb1\/4&#8243;][\/vc_column][\/vc_row]<\/p>\n<\/div>","protected":false},"excerpt":{"rendered":"<p>[vc_row css_animation=\u00bb\u00bb row_type=\u00bbrow\u00bb use_row_as_full_screen_section=\u00bbno\u00bb type=\u00bbgrid\u00bb angled_section=\u00bbno\u00bb text_align=\u00bbleft\u00bb background_image_as_pattern=\u00bbwithout_pattern\u00bb z_index=\u00bb\u00bb][vc_column width=\u00bb3\/4&#8243; css=\u00bb.vc_custom_1708556873965{margin-top: 18px !important;}\u00bb][vc_column_text el_class=\u00bbbreadcrumbs\u00bb css=\u00bb.vc_custom_1708556155239{margin-bottom: 5px !important;}\u00bb] [\/vc_column_text][vc_row_inner row_type=\u00bbrow\u00bb type=\u00bbfull_width\u00bb text_align=\u00bbleft\u00bb css_animation=\u00bb\u00bb][vc_column_inner width=\u00bb1\/3&#8243;][vc_single_image image=\u00bb817&#8243; img_size=\u00bbfull\u00bb qode_css_animation=\u00bb\u00bb css=\u00bb.vc_custom_1710281943754{margin-bottom: 30px !important;}\u00bb][vc_single_image image=\u00bb821&#8243; img_size=\u00bbfull\u00bb qode_css_animation=\u00bb\u00bb][\/vc_column_inner][vc_column_inner width=\u00bb1\/3&#8243;][vc_single_image image=\u00bb819&#8243; img_size=\u00bbfull\u00bb qode_css_animation=\u00bb\u00bb css=\u00bb.vc_custom_1710281934662{margin-bottom: 30px !important;}\u00bb][vc_single_image image=\u00bb823&#8243; img_size=\u00bbfull\u00bb qode_css_animation=\u00bb\u00bb css=\u00bb.vc_custom_1710281654045{border-bottom-width: 30px !important;}\u00bb][\/vc_column_inner][vc_column_inner&#8230;<\/p>\n","protected":false},"author":1,"featured_media":0,"parent":919,"menu_order":0,"comment_status":"closed","ping_status":"closed","template":"full_width.php","meta":{"footnotes":""},"yoast_head":"<!-- This site is optimized with the Yoast SEO plugin v22.2 - https:\/\/yoast.com\/wordpress\/plugins\/seo\/ -->\n<title>Podolog\u00eda Deportiva - Cl\u00ednica del Peu Jordi Moreno<\/title>\n<meta name=\"description\" content=\"Ofrecemos asesoramiento a la hora de seleccionar la mejor opci\u00f3n en calzado deportivo en funci\u00f3n de la biomec\u00e1nica que se presenta.\" \/>\n<meta name=\"robots\" content=\"index, follow, max-snippet:-1, max-image-preview:large, max-video-preview:-1\" \/>\n<link rel=\"canonical\" href=\"https:\/\/www.clinicadelpeujordimoreno.com\/es\/servicios\/podologia-deportiva\/\" \/>\n<meta property=\"og:locale\" content=\"es_ES\" \/>\n<meta property=\"og:type\" content=\"article\" \/>\n<meta property=\"og:title\" content=\"Podolog\u00eda Deportiva - Cl\u00ednica del Peu Jordi Moreno\" \/>\n<meta property=\"og:description\" content=\"Ofrecemos asesoramiento a la hora de seleccionar la mejor opci\u00f3n en calzado deportivo en funci\u00f3n de la biomec\u00e1nica que se presenta.\" \/>\n<meta property=\"og:url\" content=\"https:\/\/www.clinicadelpeujordimoreno.com\/es\/servicios\/podologia-deportiva\/\" \/>\n<meta property=\"og:site_name\" content=\"Cl\u00ednica del Peu Jordi Moreno\" \/>\n<meta property=\"article:modified_time\" content=\"2024-03-18T22:21:53+00:00\" \/>\n<meta name=\"twitter:card\" content=\"summary_large_image\" \/>\n<meta name=\"twitter:label1\" content=\"Tiempo de lectura\" \/>\n\t<meta name=\"twitter:data1\" content=\"2 minutos\" \/>\n<script type=\"application\/ld+json\" class=\"yoast-schema-graph\">{\"@context\":\"https:\/\/schema.org\",\"@graph\":[{\"@type\":\"WebPage\",\"@id\":\"https:\/\/www.clinicadelpeujordimoreno.com\/es\/servicios\/podologia-deportiva\/\",\"url\":\"https:\/\/www.clinicadelpeujordimoreno.com\/es\/servicios\/podologia-deportiva\/\",\"name\":\"Podolog\u00eda Deportiva - Cl\u00ednica del Peu Jordi Moreno\",\"isPartOf\":{\"@id\":\"https:\/\/www.clinicadelpeujordimoreno.com\/#website\"},\"datePublished\":\"2024-02-21T22:34:26+00:00\",\"dateModified\":\"2024-03-18T22:21:53+00:00\",\"description\":\"Ofrecemos asesoramiento a la hora de seleccionar la mejor opci\u00f3n en calzado deportivo en funci\u00f3n de la biomec\u00e1nica que se presenta.\",\"breadcrumb\":{\"@id\":\"https:\/\/www.clinicadelpeujordimoreno.com\/es\/servicios\/podologia-deportiva\/#breadcrumb\"},\"inLanguage\":\"es\",\"potentialAction\":[{\"@type\":\"ReadAction\",\"target\":[\"https:\/\/www.clinicadelpeujordimoreno.com\/es\/servicios\/podologia-deportiva\/\"]}]},{\"@type\":\"BreadcrumbList\",\"@id\":\"https:\/\/www.clinicadelpeujordimoreno.com\/es\/servicios\/podologia-deportiva\/#breadcrumb\",\"itemListElement\":[{\"@type\":\"ListItem\",\"position\":1,\"name\":\"Inici\",\"item\":\"https:\/\/www.clinicadelpeujordimoreno.com\/es\/\"},{\"@type\":\"ListItem\",\"position\":2,\"name\":\"Servicios\",\"item\":\"https:\/\/www.clinicadelpeujordimoreno.com\/es\/servicios\/\"},{\"@type\":\"ListItem\",\"position\":3,\"name\":\"Podolog\u00eda Deportiva\"}]},{\"@type\":\"WebSite\",\"@id\":\"https:\/\/www.clinicadelpeujordimoreno.com\/#website\",\"url\":\"https:\/\/www.clinicadelpeujordimoreno.com\/\",\"name\":\"Cl\u00ednica del Peu Jordi Moreno\",\"description\":\"S\u00f3lo otro sitio de WordPress\",\"publisher\":{\"@id\":\"https:\/\/www.clinicadelpeujordimoreno.com\/#organization\"},\"potentialAction\":[{\"@type\":\"SearchAction\",\"target\":{\"@type\":\"EntryPoint\",\"urlTemplate\":\"https:\/\/www.clinicadelpeujordimoreno.com\/?s={search_term_string}\"},\"query-input\":\"required name=search_term_string\"}],\"inLanguage\":\"es\"},{\"@type\":\"Organization\",\"@id\":\"https:\/\/www.clinicadelpeujordimoreno.com\/#organization\",\"name\":\"Cl\u00ednica del Peu Jordi Moreno\",\"url\":\"https:\/\/www.clinicadelpeujordimoreno.com\/\",\"logo\":{\"@type\":\"ImageObject\",\"inLanguage\":\"es\",\"@id\":\"https:\/\/www.clinicadelpeujordimoreno.com\/#\/schema\/logo\/image\/\",\"url\":\"https:\/\/www.clinicadelpeujordimoreno.com\/wp-content\/uploads\/2024\/02\/logo-clinica-del-peu-jordi-moreno.png\",\"contentUrl\":\"https:\/\/www.clinicadelpeujordimoreno.com\/wp-content\/uploads\/2024\/02\/logo-clinica-del-peu-jordi-moreno.png\",\"width\":300,\"height\":70,\"caption\":\"Cl\u00ednica del Peu Jordi Moreno\"},\"image\":{\"@id\":\"https:\/\/www.clinicadelpeujordimoreno.com\/#\/schema\/logo\/image\/\"},\"sameAs\":[\"https:\/\/www.instagram.com\/clinicadelpeujordimoreno\"]}]}<\/script>\n<!-- \/ Yoast SEO plugin. -->","yoast_head_json":{"title":"Podolog\u00eda Deportiva - Cl\u00ednica del Peu Jordi Moreno","description":"Ofrecemos asesoramiento a la hora de seleccionar la mejor opci\u00f3n en calzado deportivo en funci\u00f3n de la biomec\u00e1nica que se presenta.","robots":{"index":"index","follow":"follow","max-snippet":"max-snippet:-1","max-image-preview":"max-image-preview:large","max-video-preview":"max-video-preview:-1"},"canonical":"https:\/\/www.clinicadelpeujordimoreno.com\/es\/servicios\/podologia-deportiva\/","og_locale":"es_ES","og_type":"article","og_title":"Podolog\u00eda Deportiva - Cl\u00ednica del Peu Jordi Moreno","og_description":"Ofrecemos asesoramiento a la hora de seleccionar la mejor opci\u00f3n en calzado deportivo en funci\u00f3n de la biomec\u00e1nica que se presenta.","og_url":"https:\/\/www.clinicadelpeujordimoreno.com\/es\/servicios\/podologia-deportiva\/","og_site_name":"Cl\u00ednica del Peu Jordi Moreno","article_modified_time":"2024-03-18T22:21:53+00:00","twitter_card":"summary_large_image","twitter_misc":{"Tiempo de lectura":"2 minutos"},"schema":{"@context":"https:\/\/schema.org","@graph":[{"@type":"WebPage","@id":"https:\/\/www.clinicadelpeujordimoreno.com\/es\/servicios\/podologia-deportiva\/","url":"https:\/\/www.clinicadelpeujordimoreno.com\/es\/servicios\/podologia-deportiva\/","name":"Podolog\u00eda Deportiva - Cl\u00ednica del Peu Jordi Moreno","isPartOf":{"@id":"https:\/\/www.clinicadelpeujordimoreno.com\/#website"},"datePublished":"2024-02-21T22:34:26+00:00","dateModified":"2024-03-18T22:21:53+00:00","description":"Ofrecemos asesoramiento a la hora de seleccionar la mejor opci\u00f3n en calzado deportivo en funci\u00f3n de la biomec\u00e1nica que se presenta.","breadcrumb":{"@id":"https:\/\/www.clinicadelpeujordimoreno.com\/es\/servicios\/podologia-deportiva\/#breadcrumb"},"inLanguage":"es","potentialAction":[{"@type":"ReadAction","target":["https:\/\/www.clinicadelpeujordimoreno.com\/es\/servicios\/podologia-deportiva\/"]}]},{"@type":"BreadcrumbList","@id":"https:\/\/www.clinicadelpeujordimoreno.com\/es\/servicios\/podologia-deportiva\/#breadcrumb","itemListElement":[{"@type":"ListItem","position":1,"name":"Inici","item":"https:\/\/www.clinicadelpeujordimoreno.com\/es\/"},{"@type":"ListItem","position":2,"name":"Servicios","item":"https:\/\/www.clinicadelpeujordimoreno.com\/es\/servicios\/"},{"@type":"ListItem","position":3,"name":"Podolog\u00eda Deportiva"}]},{"@type":"WebSite","@id":"https:\/\/www.clinicadelpeujordimoreno.com\/#website","url":"https:\/\/www.clinicadelpeujordimoreno.com\/","name":"Cl\u00ednica del Peu Jordi Moreno","description":"S\u00f3lo otro sitio de WordPress","publisher":{"@id":"https:\/\/www.clinicadelpeujordimoreno.com\/#organization"},"potentialAction":[{"@type":"SearchAction","target":{"@type":"EntryPoint","urlTemplate":"https:\/\/www.clinicadelpeujordimoreno.com\/?s={search_term_string}"},"query-input":"required name=search_term_string"}],"inLanguage":"es"},{"@type":"Organization","@id":"https:\/\/www.clinicadelpeujordimoreno.com\/#organization","name":"Cl\u00ednica del Peu Jordi Moreno","url":"https:\/\/www.clinicadelpeujordimoreno.com\/","logo":{"@type":"ImageObject","inLanguage":"es","@id":"https:\/\/www.clinicadelpeujordimoreno.com\/#\/schema\/logo\/image\/","url":"https:\/\/www.clinicadelpeujordimoreno.com\/wp-content\/uploads\/2024\/02\/logo-clinica-del-peu-jordi-moreno.png","contentUrl":"https:\/\/www.clinicadelpeujordimoreno.com\/wp-content\/uploads\/2024\/02\/logo-clinica-del-peu-jordi-moreno.png","width":300,"height":70,"caption":"Cl\u00ednica del Peu Jordi Moreno"},"image":{"@id":"https:\/\/www.clinicadelpeujordimoreno.com\/#\/schema\/logo\/image\/"},"sameAs":["https:\/\/www.instagram.com\/clinicadelpeujordimoreno"]}]}},"_links":{"self":[{"href":"https:\/\/www.clinicadelpeujordimoreno.com\/es\/wp-json\/wp\/v2\/pages\/944"}],"collection":[{"href":"https:\/\/www.clinicadelpeujordimoreno.com\/es\/wp-json\/wp\/v2\/pages"}],"about":[{"href":"https:\/\/www.clinicadelpeujordimoreno.com\/es\/wp-json\/wp\/v2\/types\/page"}],"author":[{"embeddable":true,"href":"https:\/\/www.clinicadelpeujordimoreno.com\/es\/wp-json\/wp\/v2\/users\/1"}],"replies":[{"embeddable":true,"href":"https:\/\/www.clinicadelpeujordimoreno.com\/es\/wp-json\/wp\/v2\/comments?post=944"}],"version-history":[{"count":11,"href":"https:\/\/www.clinicadelpeujordimoreno.com\/es\/wp-json\/wp\/v2\/pages\/944\/revisions"}],"predecessor-version":[{"id":1094,"href":"https:\/\/www.clinicadelpeujordimoreno.com\/es\/wp-json\/wp\/v2\/pages\/944\/revisions\/1094"}],"up":[{"embeddable":true,"href":"https:\/\/www.clinicadelpeujordimoreno.com\/es\/wp-json\/wp\/v2\/pages\/919"}],"wp:attachment":[{"href":"https:\/\/www.clinicadelpeujordimoreno.com\/es\/wp-json\/wp\/v2\/media?parent=944"}],"curies":[{"name":"wp","href":"https:\/\/api.w.org\/{rel}","templated":true}]}}