{"id":936,"date":"2024-02-21T21:54:27","date_gmt":"2024-02-21T21:54:27","guid":{"rendered":"https:\/\/www.clinicadelpeujordimoreno.com\/?page_id=936"},"modified":"2024-03-17T20:58:26","modified_gmt":"2024-03-17T20:58:26","slug":"podologia-pediatrica","status":"publish","type":"page","link":"https:\/\/www.clinicadelpeujordimoreno.com\/es\/servicios\/podologia-pediatrica\/","title":{"rendered":"Podolog\u00eda Pedi\u00e1trica"},"content":{"rendered":"<div class=\"wpb-content-wrapper\"><p>[vc_row css_animation=\u00bb\u00bb row_type=\u00bbrow\u00bb use_row_as_full_screen_section=\u00bbno\u00bb type=\u00bbgrid\u00bb angled_section=\u00bbno\u00bb text_align=\u00bbleft\u00bb background_image_as_pattern=\u00bbwithout_pattern\u00bb z_index=\u00bb\u00bb][vc_column width=\u00bb3\/4&#8243; css=\u00bb.vc_custom_1708556917542{margin-top: 18px !important;}\u00bb][vc_column_text el_class=\u00bbbreadcrumbs\u00bb css=\u00bb.vc_custom_1708556155239{margin-bottom: 5px !important;}\u00bb]<\/p>\n<pre class=\"wp-block-code\"><code class=\"hljs json\"><span><span><a href=\"https:\/\/www.clinicadelpeujordimoreno.com\/es\/\">Inici<\/a><\/span><\/span><\/code><\/pre>\n<p>[\/vc_column_text][vc_row_inner row_type=\u00bbrow\u00bb type=\u00bbfull_width\u00bb text_align=\u00bbleft\u00bb css_animation=\u00bb\u00bb][vc_column_inner width=\u00bb1\/3&#8243;][vc_single_image image=\u00bb809&#8243; img_size=\u00bbfull\u00bb qode_css_animation=\u00bb\u00bb][\/vc_column_inner][vc_column_inner width=\u00bb1\/3&#8243;][vc_single_image image=\u00bb811&#8243; img_size=\u00bbfull\u00bb qode_css_animation=\u00bb\u00bb][\/vc_column_inner][vc_column_inner width=\u00bb1\/3&#8243;][\/vc_column_inner][\/vc_row_inner][vc_column_text css=\u00bb.vc_custom_1710457191872{margin-top: 42px !important;margin-bottom: 32px !important;}\u00bb]<\/p>\n<h1>PODOLOGIA PEDI\u00c1TRICA<\/h1>\n<p>[\/vc_column_text][vc_column_text]La podolog\u00eda infantil es la disciplina encargada de tratar alteraciones, defectos estructurales y\/o funcionales en los pies durante la etapa infantil. Conceptualizando los pies como base principal del cuerpo, es b\u00e1sico asegurar su correcto funcionamiento, sobre todo en los m\u00e1s peque\u00f1os, puesto que es el momento de aplicar t\u00e9cnicas que nos pueden permitir corregir alteraciones.<\/p>\n<p>La primera infancia, es el mejor momento para valorar y corregir posibles patolog\u00edas futuras y de esta forma prevenir lesiones.<\/p>\n<p>La valoraci\u00f3n infantil incluye: una entrevista cl\u00ednica exhaustiva, una valoraci\u00f3n en camilla, un estudio biomec\u00e1nico de la huella en fase est\u00e1tica, una valoraci\u00f3n postural global de todo el cuerpo y un estudio biomec\u00e1nico en fase din\u00e1mica, analizando los movimientos del cuerpo durante la marcha.<\/p>\n<p>Dada la variabilidad del ni\u00f1o o la ni\u00f1a en esta etapa, entiendo como fundamental la prevenci\u00f3n, la educaci\u00f3n sanitaria y el asesoramiento a los padres a lo largo de todo el proceso.<\/p>\n<p>A lo largo de mis a\u00f1os de pr\u00e1ctica cl\u00ednica, he constatado lesiones y deformidades durante la etapa infantil que habr\u00edan podido evitarse si hubieran recibido asistencia podol\u00f3gica previa. Esta realidad me motiv\u00f3 a cursar el M\u00e1ster en Podolog\u00eda Pedi\u00e1trica.<\/p>\n<p>El enfoque personalizado de mi dedicaci\u00f3n profesional me obliga a evaluar cada caso de forma \u00fanica.<\/p>\n<p>Invertir en la salud de vuestros hijos e hijas, se convertir\u00e1 en un regalo que siempre os ser\u00e1 agradecido.[\/vc_column_text][vc_separator type=\u00bbnormal\u00bb color=\u00bb#020202&#8243; thickness=\u00bb1&#8243; up=\u00bb42&#8243; down=\u00bb44&#8243;][vc_row_inner row_type=\u00bbrow\u00bb type=\u00bbfull_width\u00bb text_align=\u00bbleft\u00bb css_animation=\u00bb\u00bb][vc_column_inner][vc_column_text]<strong>1 COMENTARIO<\/strong>[\/vc_column_text][\/vc_column_inner][\/vc_row_inner][vc_row_inner row_type=\u00bbrow\u00bb type=\u00bbfull_width\u00bb text_align=\u00bbleft\u00bb css_animation=\u00bb\u00bb css=\u00bb.vc_custom_1708201225759{margin-top: 17px !important;padding-top: 25px !important;padding-bottom: 25px !important;background-color: #f6f6f6 !important;}\u00bb][vc_column_inner width=\u00bb1\/6&#8243;][vc_single_image image=\u00bb576&#8243; img_size=\u00bb100&#215;100&#8243; alignment=\u00bbcenter\u00bb qode_css_animation=\u00bb\u00bb][\/vc_column_inner][vc_column_inner width=\u00bb5\/6&#8243;][vc_column_text]<strong>DAVID L\u00d3PEZ<\/strong>[\/vc_column_text][vc_column_text]15 de Marzo 2024[\/vc_column_text][vc_column_text css=\u00bb.vc_custom_1710619156136{margin-top: 15px !important;}\u00bb]Estamos encantados con la atenci\u00f3n que nuestro hijo recibi\u00f3 por su dolor en el tal\u00f3n. Jordi Moreno fue muy atento y proporcion\u00f3 un tratamiento eficaz que alivi\u00f3 su dolor. Sin duda volveremos si necesitamos asistencia en el futuro.[\/vc_column_text][\/vc_column_inner][\/vc_row_inner][\/vc_column][vc_column width=\u00bb1\/4&#8243;][\/vc_column][\/vc_row]<\/p>\n<\/div>","protected":false},"excerpt":{"rendered":"<p>[vc_row css_animation=\u00bb\u00bb row_type=\u00bbrow\u00bb use_row_as_full_screen_section=\u00bbno\u00bb type=\u00bbgrid\u00bb angled_section=\u00bbno\u00bb text_align=\u00bbleft\u00bb background_image_as_pattern=\u00bbwithout_pattern\u00bb z_index=\u00bb\u00bb][vc_column width=\u00bb3\/4&#8243; css=\u00bb.vc_custom_1708556917542{margin-top: 18px !important;}\u00bb][vc_column_text el_class=\u00bbbreadcrumbs\u00bb css=\u00bb.vc_custom_1708556155239{margin-bottom: 5px !important;}\u00bb] [\/vc_column_text][vc_row_inner row_type=\u00bbrow\u00bb type=\u00bbfull_width\u00bb text_align=\u00bbleft\u00bb css_animation=\u00bb\u00bb][vc_column_inner width=\u00bb1\/3&#8243;][vc_single_image image=\u00bb809&#8243; img_size=\u00bbfull\u00bb qode_css_animation=\u00bb\u00bb][\/vc_column_inner][vc_column_inner width=\u00bb1\/3&#8243;][vc_single_image image=\u00bb811&#8243; img_size=\u00bbfull\u00bb qode_css_animation=\u00bb\u00bb][\/vc_column_inner][vc_column_inner width=\u00bb1\/3&#8243;][\/vc_column_inner][\/vc_row_inner][vc_column_text css=\u00bb.vc_custom_1710457191872{margin-top: 42px !important;margin-bottom: 32px !important;}\u00bb] PODOLOGIA PEDI\u00c1TRICA [\/vc_column_text][vc_column_text]La podolog\u00eda infantil es la disciplina encargada&#8230;<\/p>\n","protected":false},"author":1,"featured_media":0,"parent":919,"menu_order":0,"comment_status":"closed","ping_status":"closed","template":"full_width.php","meta":{"footnotes":""},"yoast_head":"<!-- This site is optimized with the Yoast SEO plugin v22.2 - https:\/\/yoast.com\/wordpress\/plugins\/seo\/ -->\n<title>Podolog\u00eda Pedi\u00e1trica - Cl\u00ednica del Peu Jordi Moreno<\/title>\n<meta name=\"description\" content=\"La valoraci\u00f3n infantil con una entrevista cl\u00ednica exhaustiva, una valoraci\u00f3n en camilla, un estudio biomec\u00e1nico de la huella en fase est\u00e1tica, una valoraci\u00f3n postural global de todo el cuerpo y un estudio biomec\u00e1nico en fase din\u00e1mica.\" \/>\n<meta name=\"robots\" content=\"index, follow, max-snippet:-1, max-image-preview:large, max-video-preview:-1\" \/>\n<link rel=\"canonical\" href=\"https:\/\/www.clinicadelpeujordimoreno.com\/es\/servicios\/podologia-pediatrica\/\" \/>\n<meta property=\"og:locale\" content=\"es_ES\" \/>\n<meta property=\"og:type\" content=\"article\" \/>\n<meta property=\"og:title\" content=\"Podolog\u00eda Pedi\u00e1trica - Cl\u00ednica del Peu Jordi Moreno\" \/>\n<meta property=\"og:description\" content=\"La valoraci\u00f3n infantil con una entrevista cl\u00ednica exhaustiva, una valoraci\u00f3n en camilla, un estudio biomec\u00e1nico de la huella en fase est\u00e1tica, una valoraci\u00f3n postural global de todo el cuerpo y un estudio biomec\u00e1nico en fase din\u00e1mica.\" \/>\n<meta property=\"og:url\" content=\"https:\/\/www.clinicadelpeujordimoreno.com\/es\/servicios\/podologia-pediatrica\/\" \/>\n<meta property=\"og:site_name\" content=\"Cl\u00ednica del Peu Jordi Moreno\" \/>\n<meta property=\"article:modified_time\" content=\"2024-03-17T20:58:26+00:00\" \/>\n<meta name=\"twitter:card\" content=\"summary_large_image\" \/>\n<meta name=\"twitter:label1\" content=\"Tiempo de lectura\" \/>\n\t<meta name=\"twitter:data1\" content=\"2 minutos\" \/>\n<script type=\"application\/ld+json\" class=\"yoast-schema-graph\">{\"@context\":\"https:\/\/schema.org\",\"@graph\":[{\"@type\":\"WebPage\",\"@id\":\"https:\/\/www.clinicadelpeujordimoreno.com\/es\/servicios\/podologia-pediatrica\/\",\"url\":\"https:\/\/www.clinicadelpeujordimoreno.com\/es\/servicios\/podologia-pediatrica\/\",\"name\":\"Podolog\u00eda Pedi\u00e1trica - Cl\u00ednica del Peu Jordi Moreno\",\"isPartOf\":{\"@id\":\"https:\/\/www.clinicadelpeujordimoreno.com\/#website\"},\"datePublished\":\"2024-02-21T21:54:27+00:00\",\"dateModified\":\"2024-03-17T20:58:26+00:00\",\"description\":\"La valoraci\u00f3n infantil con una entrevista cl\u00ednica exhaustiva, una valoraci\u00f3n en camilla, un estudio biomec\u00e1nico de la huella en fase est\u00e1tica, una valoraci\u00f3n postural global de todo el cuerpo y un estudio biomec\u00e1nico en fase din\u00e1mica.\",\"breadcrumb\":{\"@id\":\"https:\/\/www.clinicadelpeujordimoreno.com\/es\/servicios\/podologia-pediatrica\/#breadcrumb\"},\"inLanguage\":\"es\",\"potentialAction\":[{\"@type\":\"ReadAction\",\"target\":[\"https:\/\/www.clinicadelpeujordimoreno.com\/es\/servicios\/podologia-pediatrica\/\"]}]},{\"@type\":\"BreadcrumbList\",\"@id\":\"https:\/\/www.clinicadelpeujordimoreno.com\/es\/servicios\/podologia-pediatrica\/#breadcrumb\",\"itemListElement\":[{\"@type\":\"ListItem\",\"position\":1,\"name\":\"Inici\",\"item\":\"https:\/\/www.clinicadelpeujordimoreno.com\/es\/\"},{\"@type\":\"ListItem\",\"position\":2,\"name\":\"Servicios\",\"item\":\"https:\/\/www.clinicadelpeujordimoreno.com\/es\/servicios\/\"},{\"@type\":\"ListItem\",\"position\":3,\"name\":\"Podolog\u00eda Pedi\u00e1trica\"}]},{\"@type\":\"WebSite\",\"@id\":\"https:\/\/www.clinicadelpeujordimoreno.com\/#website\",\"url\":\"https:\/\/www.clinicadelpeujordimoreno.com\/\",\"name\":\"Cl\u00ednica del Peu Jordi Moreno\",\"description\":\"S\u00f3lo otro sitio de WordPress\",\"publisher\":{\"@id\":\"https:\/\/www.clinicadelpeujordimoreno.com\/#organization\"},\"potentialAction\":[{\"@type\":\"SearchAction\",\"target\":{\"@type\":\"EntryPoint\",\"urlTemplate\":\"https:\/\/www.clinicadelpeujordimoreno.com\/?s={search_term_string}\"},\"query-input\":\"required name=search_term_string\"}],\"inLanguage\":\"es\"},{\"@type\":\"Organization\",\"@id\":\"https:\/\/www.clinicadelpeujordimoreno.com\/#organization\",\"name\":\"Cl\u00ednica del Peu Jordi Moreno\",\"url\":\"https:\/\/www.clinicadelpeujordimoreno.com\/\",\"logo\":{\"@type\":\"ImageObject\",\"inLanguage\":\"es\",\"@id\":\"https:\/\/www.clinicadelpeujordimoreno.com\/#\/schema\/logo\/image\/\",\"url\":\"https:\/\/www.clinicadelpeujordimoreno.com\/wp-content\/uploads\/2024\/02\/logo-clinica-del-peu-jordi-moreno.png\",\"contentUrl\":\"https:\/\/www.clinicadelpeujordimoreno.com\/wp-content\/uploads\/2024\/02\/logo-clinica-del-peu-jordi-moreno.png\",\"width\":300,\"height\":70,\"caption\":\"Cl\u00ednica del Peu Jordi Moreno\"},\"image\":{\"@id\":\"https:\/\/www.clinicadelpeujordimoreno.com\/#\/schema\/logo\/image\/\"},\"sameAs\":[\"https:\/\/www.instagram.com\/clinicadelpeujordimoreno\"]}]}<\/script>\n<!-- \/ Yoast SEO plugin. -->","yoast_head_json":{"title":"Podolog\u00eda Pedi\u00e1trica - Cl\u00ednica del Peu Jordi Moreno","description":"La valoraci\u00f3n infantil con una entrevista cl\u00ednica exhaustiva, una valoraci\u00f3n en camilla, un estudio biomec\u00e1nico de la huella en fase est\u00e1tica, una valoraci\u00f3n postural global de todo el cuerpo y un estudio biomec\u00e1nico en fase din\u00e1mica.","robots":{"index":"index","follow":"follow","max-snippet":"max-snippet:-1","max-image-preview":"max-image-preview:large","max-video-preview":"max-video-preview:-1"},"canonical":"https:\/\/www.clinicadelpeujordimoreno.com\/es\/servicios\/podologia-pediatrica\/","og_locale":"es_ES","og_type":"article","og_title":"Podolog\u00eda Pedi\u00e1trica - Cl\u00ednica del Peu Jordi Moreno","og_description":"La valoraci\u00f3n infantil con una entrevista cl\u00ednica exhaustiva, una valoraci\u00f3n en camilla, un estudio biomec\u00e1nico de la huella en fase est\u00e1tica, una valoraci\u00f3n postural global de todo el cuerpo y un estudio biomec\u00e1nico en fase din\u00e1mica.","og_url":"https:\/\/www.clinicadelpeujordimoreno.com\/es\/servicios\/podologia-pediatrica\/","og_site_name":"Cl\u00ednica del Peu Jordi Moreno","article_modified_time":"2024-03-17T20:58:26+00:00","twitter_card":"summary_large_image","twitter_misc":{"Tiempo de lectura":"2 minutos"},"schema":{"@context":"https:\/\/schema.org","@graph":[{"@type":"WebPage","@id":"https:\/\/www.clinicadelpeujordimoreno.com\/es\/servicios\/podologia-pediatrica\/","url":"https:\/\/www.clinicadelpeujordimoreno.com\/es\/servicios\/podologia-pediatrica\/","name":"Podolog\u00eda Pedi\u00e1trica - Cl\u00ednica del Peu Jordi Moreno","isPartOf":{"@id":"https:\/\/www.clinicadelpeujordimoreno.com\/#website"},"datePublished":"2024-02-21T21:54:27+00:00","dateModified":"2024-03-17T20:58:26+00:00","description":"La valoraci\u00f3n infantil con una entrevista cl\u00ednica exhaustiva, una valoraci\u00f3n en camilla, un estudio biomec\u00e1nico de la huella en fase est\u00e1tica, una valoraci\u00f3n postural global de todo el cuerpo y un estudio biomec\u00e1nico en fase din\u00e1mica.","breadcrumb":{"@id":"https:\/\/www.clinicadelpeujordimoreno.com\/es\/servicios\/podologia-pediatrica\/#breadcrumb"},"inLanguage":"es","potentialAction":[{"@type":"ReadAction","target":["https:\/\/www.clinicadelpeujordimoreno.com\/es\/servicios\/podologia-pediatrica\/"]}]},{"@type":"BreadcrumbList","@id":"https:\/\/www.clinicadelpeujordimoreno.com\/es\/servicios\/podologia-pediatrica\/#breadcrumb","itemListElement":[{"@type":"ListItem","position":1,"name":"Inici","item":"https:\/\/www.clinicadelpeujordimoreno.com\/es\/"},{"@type":"ListItem","position":2,"name":"Servicios","item":"https:\/\/www.clinicadelpeujordimoreno.com\/es\/servicios\/"},{"@type":"ListItem","position":3,"name":"Podolog\u00eda Pedi\u00e1trica"}]},{"@type":"WebSite","@id":"https:\/\/www.clinicadelpeujordimoreno.com\/#website","url":"https:\/\/www.clinicadelpeujordimoreno.com\/","name":"Cl\u00ednica del Peu Jordi Moreno","description":"S\u00f3lo otro sitio de WordPress","publisher":{"@id":"https:\/\/www.clinicadelpeujordimoreno.com\/#organization"},"potentialAction":[{"@type":"SearchAction","target":{"@type":"EntryPoint","urlTemplate":"https:\/\/www.clinicadelpeujordimoreno.com\/?s={search_term_string}"},"query-input":"required name=search_term_string"}],"inLanguage":"es"},{"@type":"Organization","@id":"https:\/\/www.clinicadelpeujordimoreno.com\/#organization","name":"Cl\u00ednica del Peu Jordi Moreno","url":"https:\/\/www.clinicadelpeujordimoreno.com\/","logo":{"@type":"ImageObject","inLanguage":"es","@id":"https:\/\/www.clinicadelpeujordimoreno.com\/#\/schema\/logo\/image\/","url":"https:\/\/www.clinicadelpeujordimoreno.com\/wp-content\/uploads\/2024\/02\/logo-clinica-del-peu-jordi-moreno.png","contentUrl":"https:\/\/www.clinicadelpeujordimoreno.com\/wp-content\/uploads\/2024\/02\/logo-clinica-del-peu-jordi-moreno.png","width":300,"height":70,"caption":"Cl\u00ednica del Peu Jordi Moreno"},"image":{"@id":"https:\/\/www.clinicadelpeujordimoreno.com\/#\/schema\/logo\/image\/"},"sameAs":["https:\/\/www.instagram.com\/clinicadelpeujordimoreno"]}]}},"_links":{"self":[{"href":"https:\/\/www.clinicadelpeujordimoreno.com\/es\/wp-json\/wp\/v2\/pages\/936"}],"collection":[{"href":"https:\/\/www.clinicadelpeujordimoreno.com\/es\/wp-json\/wp\/v2\/pages"}],"about":[{"href":"https:\/\/www.clinicadelpeujordimoreno.com\/es\/wp-json\/wp\/v2\/types\/page"}],"author":[{"embeddable":true,"href":"https:\/\/www.clinicadelpeujordimoreno.com\/es\/wp-json\/wp\/v2\/users\/1"}],"replies":[{"embeddable":true,"href":"https:\/\/www.clinicadelpeujordimoreno.com\/es\/wp-json\/wp\/v2\/comments?post=936"}],"version-history":[{"count":10,"href":"https:\/\/www.clinicadelpeujordimoreno.com\/es\/wp-json\/wp\/v2\/pages\/936\/revisions"}],"predecessor-version":[{"id":1083,"href":"https:\/\/www.clinicadelpeujordimoreno.com\/es\/wp-json\/wp\/v2\/pages\/936\/revisions\/1083"}],"up":[{"embeddable":true,"href":"https:\/\/www.clinicadelpeujordimoreno.com\/es\/wp-json\/wp\/v2\/pages\/919"}],"wp:attachment":[{"href":"https:\/\/www.clinicadelpeujordimoreno.com\/es\/wp-json\/wp\/v2\/media?parent=936"}],"curies":[{"name":"wp","href":"https:\/\/api.w.org\/{rel}","templated":true}]}}