{"id":930,"date":"2024-02-15T22:50:31","date_gmt":"2024-02-15T22:50:31","guid":{"rendered":"https:\/\/www.clinicadelpeujordimoreno.com\/?page_id=930"},"modified":"2024-03-17T20:59:37","modified_gmt":"2024-03-17T20:59:37","slug":"podologia-clinica","status":"publish","type":"page","link":"https:\/\/www.clinicadelpeujordimoreno.com\/es\/servicios\/podologia-clinica\/","title":{"rendered":"Podolog\u00eda Cl\u00ednica"},"content":{"rendered":"<div class=\"wpb-content-wrapper\"><p>[vc_row css_animation=\u00bb\u00bb row_type=\u00bbrow\u00bb use_row_as_full_screen_section=\u00bbno\u00bb type=\u00bbgrid\u00bb angled_section=\u00bbno\u00bb text_align=\u00bbleft\u00bb background_image_as_pattern=\u00bbwithout_pattern\u00bb z_index=\u00bb\u00bb][vc_column width=\u00bb3\/4&#8243; css=\u00bb.vc_custom_1708556854362{margin-top: 18px !important;}\u00bb][vc_column_text el_class=\u00bbbreadcrumbs\u00bb css=\u00bb.vc_custom_1708556155239{margin-bottom: 5px !important;}\u00bb]<\/p>\n<pre class=\"wp-block-code\"><code class=\"hljs json\"><span><span><a href=\"https:\/\/www.clinicadelpeujordimoreno.com\/es\/\">Inici<\/a><\/span><\/span><\/code><\/pre>\n<p>[\/vc_column_text][vc_row_inner row_type=\u00bbrow\u00bb type=\u00bbfull_width\u00bb text_align=\u00bbleft\u00bb css_animation=\u00bb\u00bb][vc_column_inner width=\u00bb1\/3&#8243;][vc_single_image image=\u00bb791&#8243; img_size=\u00bbfull\u00bb qode_css_animation=\u00bb\u00bb][\/vc_column_inner][vc_column_inner width=\u00bb1\/3&#8243;][\/vc_column_inner][vc_column_inner width=\u00bb1\/3&#8243;][\/vc_column_inner][\/vc_row_inner][vc_column_text css=\u00bb.vc_custom_1710457692946{margin-top: 42px !important;margin-bottom: 32px !important;}\u00bb]<\/p>\n<h1>PODOLOG\u00cdA CL\u00cdNICA<\/h1>\n<p>[\/vc_column_text][vc_column_text]La podolog\u00eda cl\u00ednica, tambi\u00e9n conocida como quiropodolog\u00eda, se especializa en el tratamiento y la eliminaci\u00f3n de alteraciones benignas que afectan tanto a la piel como a las u\u00f1as de los pies.<\/p>\n<p>Durante una sesi\u00f3n de quiropodia, el pod\u00f3logo realiza una evaluaci\u00f3n exhaustiva del estado dermatol\u00f3gico del pie, que incluye el corte y fresado terap\u00e9utico de las u\u00f1as, as\u00ed como la eliminaci\u00f3n de callosidades y\/o grietas en los talones. Se recomienda este tratamiento de forma preventiva al menos dos veces al a\u00f1o.<\/p>\n<p>En la cl\u00ednica, se lleva a cabo una evaluaci\u00f3n completa del estado dermatol\u00f3gico del pie, abordando alteraciones comunes como hiperqueratosis (<strong>callosidades<\/strong>), helomas (<strong>ojos de pollo<\/strong>), dermatomicosis (<strong>hongos<\/strong>), xerosis (<strong>piel seca<\/strong>), hiperhidrosis (<strong>sudor excesivo<\/strong>), hiperbromhidrosis (<strong>mal olor en los pies<\/strong>), flictemas (<strong>ampollas<\/strong>), verrugas, heridas, <strong>extracci\u00f3n de cuerpos extra\u00f1os<\/strong>, eritema pernio (<strong>saba\u00f1ones<\/strong>) entre otras enfermedades dermatol\u00f3gicas.<\/p>\n<p>Tambi\u00e9n se tratan diversas afecciones en las u\u00f1as, como onicocriptosis (<strong>u\u00f1as clavadas<\/strong>), onicogrifosis (<strong>u\u00f1as gruesas<\/strong>), hematomas subungueales (<strong>u\u00f1as negras<\/strong>), onicosquisis (<strong>u\u00f1a quebradiza<\/strong>), onicomadesis (<strong>u\u00f1a despegada<\/strong>), onicolisis (<strong>p\u00e9rdida de la u\u00f1a<\/strong>) o retroniquia (<strong>doble u\u00f1a<\/strong>), entre otras.<\/p>\n<p>Adem\u00e1s de abordar las condiciones existentes, se hace hincapi\u00e9 en la prevenci\u00f3n para mejorar el bienestar del paciente y reducir la probabilidad de recurrencias. El objetivo principal es proporcionar soluciones efectivas y resolutivas, contribuyendo as\u00ed al bienestar general del paciente.[\/vc_column_text][vc_separator type=\u00bbnormal\u00bb color=\u00bb#020202&#8243; thickness=\u00bb1&#8243; up=\u00bb42&#8243; down=\u00bb44&#8243;][vc_row_inner row_type=\u00bbrow\u00bb type=\u00bbfull_width\u00bb text_align=\u00bbleft\u00bb css_animation=\u00bb\u00bb][vc_column_inner][vc_column_text]<strong>2 COMENTARIOS<\/strong>[\/vc_column_text][\/vc_column_inner][\/vc_row_inner][vc_row_inner row_type=\u00bbrow\u00bb type=\u00bbfull_width\u00bb text_align=\u00bbleft\u00bb css_animation=\u00bb\u00bb css=\u00bb.vc_custom_1708201225759{margin-top: 17px !important;padding-top: 25px !important;padding-bottom: 25px !important;background-color: #f6f6f6 !important;}\u00bb][vc_column_inner width=\u00bb1\/6&#8243;][vc_single_image image=\u00bb576&#8243; img_size=\u00bb100&#215;100&#8243; alignment=\u00bbcenter\u00bb qode_css_animation=\u00bb\u00bb][\/vc_column_inner][vc_column_inner width=\u00bb5\/6&#8243;][vc_column_text]<strong>JAUME SORN\u00cd<\/strong>[\/vc_column_text][vc_column_text]14 de Marzo 2024[\/vc_column_text][vc_column_text css=\u00bb.vc_custom_1710618978567{margin-top: 15px !important;}\u00bb]Excelente experiencia en mi visita. Jordi fue muy profesional y atento a mis necesidades. Recib\u00ed un tratamiento completo y efectivo para mi problema en los pies. Sin duda, volver\u00e9 en caso de necesidad y recomendar\u00e9 sus servicios a familiares y amigos. \u00a1Gracias por la gran atenci\u00f3n![\/vc_column_text][\/vc_column_inner][\/vc_row_inner][vc_row_inner row_type=\u00bbrow\u00bb type=\u00bbfull_width\u00bb text_align=\u00bbleft\u00bb css_animation=\u00bb\u00bb css=\u00bb.vc_custom_1708201389360{margin-top: 25px !important;padding-top: 25px !important;padding-bottom: 25px !important;background-color: #f6f6f6 !important;}\u00bb][vc_column_inner width=\u00bb1\/6&#8243;][vc_single_image image=\u00bb576&#8243; img_size=\u00bb100&#215;100&#8243; alignment=\u00bbcenter\u00bb qode_css_animation=\u00bb\u00bb][\/vc_column_inner][vc_column_inner width=\u00bb5\/6&#8243;][vc_column_text]<strong>SANDRA MESTRE<\/strong>[\/vc_column_text][vc_column_text]11 de Marzo 2024[\/vc_column_text][vc_column_text css=\u00bb.vc_custom_1710612393234{margin-top: 15px !important;}\u00bb]Despu\u00e9s de sufrir durante meses de una dolorosa fascitis plantar, decid\u00ed buscar ayuda profesional. Acud\u00ed a la Cl\u00ednica del Pie Jordi Moreno y recib\u00ed una atenci\u00f3n excepcional. El pod\u00f3logo diagnostic\u00f3 mi problema de forma precisa y me proporcion\u00f3 un tratamiento eficaz. Estoy muy agradecida por su excelente servicio y le recomendar\u00eda a cualquiera que necesite ayuda con problemas podol\u00f3gicos.[\/vc_column_text][\/vc_column_inner][\/vc_row_inner][\/vc_column][vc_column width=\u00bb1\/4&#8243;][\/vc_column][\/vc_row]<\/p>\n<\/div>","protected":false},"excerpt":{"rendered":"<p>[vc_row css_animation=\u00bb\u00bb row_type=\u00bbrow\u00bb use_row_as_full_screen_section=\u00bbno\u00bb type=\u00bbgrid\u00bb angled_section=\u00bbno\u00bb text_align=\u00bbleft\u00bb background_image_as_pattern=\u00bbwithout_pattern\u00bb z_index=\u00bb\u00bb][vc_column width=\u00bb3\/4&#8243; css=\u00bb.vc_custom_1708556854362{margin-top: 18px !important;}\u00bb][vc_column_text el_class=\u00bbbreadcrumbs\u00bb css=\u00bb.vc_custom_1708556155239{margin-bottom: 5px !important;}\u00bb] [\/vc_column_text][vc_row_inner row_type=\u00bbrow\u00bb type=\u00bbfull_width\u00bb text_align=\u00bbleft\u00bb css_animation=\u00bb\u00bb][vc_column_inner width=\u00bb1\/3&#8243;][vc_single_image image=\u00bb791&#8243; img_size=\u00bbfull\u00bb qode_css_animation=\u00bb\u00bb][\/vc_column_inner][vc_column_inner width=\u00bb1\/3&#8243;][\/vc_column_inner][vc_column_inner width=\u00bb1\/3&#8243;][\/vc_column_inner][\/vc_row_inner][vc_column_text css=\u00bb.vc_custom_1710457692946{margin-top: 42px !important;margin-bottom: 32px !important;}\u00bb] PODOLOG\u00cdA CL\u00cdNICA [\/vc_column_text][vc_column_text]La podolog\u00eda cl\u00ednica, tambi\u00e9n conocida como quiropodolog\u00eda, se especializa en&#8230;<\/p>\n","protected":false},"author":1,"featured_media":0,"parent":919,"menu_order":0,"comment_status":"closed","ping_status":"closed","template":"full_width.php","meta":{"footnotes":""},"yoast_head":"<!-- This site is optimized with the Yoast SEO plugin v22.2 - https:\/\/yoast.com\/wordpress\/plugins\/seo\/ -->\n<title>Podolog\u00eda Cl\u00ednica - Cl\u00ednica del Peu Jordi Moreno<\/title>\n<meta name=\"description\" content=\"Se realiza una evaluaci\u00f3n completa del estado dermatol\u00f3gico del pie y las diversas afecciones en las u\u00f1as.\" \/>\n<meta name=\"robots\" content=\"index, follow, max-snippet:-1, max-image-preview:large, max-video-preview:-1\" \/>\n<link rel=\"canonical\" href=\"https:\/\/www.clinicadelpeujordimoreno.com\/es\/servicios\/podologia-clinica\/\" \/>\n<meta property=\"og:locale\" content=\"es_ES\" \/>\n<meta property=\"og:type\" content=\"article\" \/>\n<meta property=\"og:title\" content=\"Podolog\u00eda Cl\u00ednica - Cl\u00ednica del Peu Jordi Moreno\" \/>\n<meta property=\"og:description\" content=\"Se realiza una evaluaci\u00f3n completa del estado dermatol\u00f3gico del pie y las diversas afecciones en las u\u00f1as.\" \/>\n<meta property=\"og:url\" content=\"https:\/\/www.clinicadelpeujordimoreno.com\/es\/servicios\/podologia-clinica\/\" \/>\n<meta property=\"og:site_name\" content=\"Cl\u00ednica del Peu Jordi Moreno\" \/>\n<meta property=\"article:modified_time\" content=\"2024-03-17T20:59:37+00:00\" \/>\n<meta name=\"twitter:card\" content=\"summary_large_image\" \/>\n<meta name=\"twitter:label1\" content=\"Tiempo de lectura\" \/>\n\t<meta name=\"twitter:data1\" content=\"3 minutos\" \/>\n<script type=\"application\/ld+json\" class=\"yoast-schema-graph\">{\"@context\":\"https:\/\/schema.org\",\"@graph\":[{\"@type\":\"WebPage\",\"@id\":\"https:\/\/www.clinicadelpeujordimoreno.com\/es\/servicios\/podologia-clinica\/\",\"url\":\"https:\/\/www.clinicadelpeujordimoreno.com\/es\/servicios\/podologia-clinica\/\",\"name\":\"Podolog\u00eda Cl\u00ednica - Cl\u00ednica del Peu Jordi Moreno\",\"isPartOf\":{\"@id\":\"https:\/\/www.clinicadelpeujordimoreno.com\/#website\"},\"datePublished\":\"2024-02-15T22:50:31+00:00\",\"dateModified\":\"2024-03-17T20:59:37+00:00\",\"description\":\"Se realiza una evaluaci\u00f3n completa del estado dermatol\u00f3gico del pie y las diversas afecciones en las u\u00f1as.\",\"breadcrumb\":{\"@id\":\"https:\/\/www.clinicadelpeujordimoreno.com\/es\/servicios\/podologia-clinica\/#breadcrumb\"},\"inLanguage\":\"es\",\"potentialAction\":[{\"@type\":\"ReadAction\",\"target\":[\"https:\/\/www.clinicadelpeujordimoreno.com\/es\/servicios\/podologia-clinica\/\"]}]},{\"@type\":\"BreadcrumbList\",\"@id\":\"https:\/\/www.clinicadelpeujordimoreno.com\/es\/servicios\/podologia-clinica\/#breadcrumb\",\"itemListElement\":[{\"@type\":\"ListItem\",\"position\":1,\"name\":\"Inici\",\"item\":\"https:\/\/www.clinicadelpeujordimoreno.com\/es\/\"},{\"@type\":\"ListItem\",\"position\":2,\"name\":\"Servicios\",\"item\":\"https:\/\/www.clinicadelpeujordimoreno.com\/es\/servicios\/\"},{\"@type\":\"ListItem\",\"position\":3,\"name\":\"Podolog\u00eda Cl\u00ednica\"}]},{\"@type\":\"WebSite\",\"@id\":\"https:\/\/www.clinicadelpeujordimoreno.com\/#website\",\"url\":\"https:\/\/www.clinicadelpeujordimoreno.com\/\",\"name\":\"Cl\u00ednica del Peu Jordi Moreno\",\"description\":\"S\u00f3lo otro sitio de WordPress\",\"publisher\":{\"@id\":\"https:\/\/www.clinicadelpeujordimoreno.com\/#organization\"},\"potentialAction\":[{\"@type\":\"SearchAction\",\"target\":{\"@type\":\"EntryPoint\",\"urlTemplate\":\"https:\/\/www.clinicadelpeujordimoreno.com\/?s={search_term_string}\"},\"query-input\":\"required name=search_term_string\"}],\"inLanguage\":\"es\"},{\"@type\":\"Organization\",\"@id\":\"https:\/\/www.clinicadelpeujordimoreno.com\/#organization\",\"name\":\"Cl\u00ednica del Peu Jordi Moreno\",\"url\":\"https:\/\/www.clinicadelpeujordimoreno.com\/\",\"logo\":{\"@type\":\"ImageObject\",\"inLanguage\":\"es\",\"@id\":\"https:\/\/www.clinicadelpeujordimoreno.com\/#\/schema\/logo\/image\/\",\"url\":\"https:\/\/www.clinicadelpeujordimoreno.com\/wp-content\/uploads\/2024\/02\/logo-clinica-del-peu-jordi-moreno.png\",\"contentUrl\":\"https:\/\/www.clinicadelpeujordimoreno.com\/wp-content\/uploads\/2024\/02\/logo-clinica-del-peu-jordi-moreno.png\",\"width\":300,\"height\":70,\"caption\":\"Cl\u00ednica del Peu Jordi Moreno\"},\"image\":{\"@id\":\"https:\/\/www.clinicadelpeujordimoreno.com\/#\/schema\/logo\/image\/\"},\"sameAs\":[\"https:\/\/www.instagram.com\/clinicadelpeujordimoreno\"]}]}<\/script>\n<!-- \/ Yoast SEO plugin. -->","yoast_head_json":{"title":"Podolog\u00eda Cl\u00ednica - Cl\u00ednica del Peu Jordi Moreno","description":"Se realiza una evaluaci\u00f3n completa del estado dermatol\u00f3gico del pie y las diversas afecciones en las u\u00f1as.","robots":{"index":"index","follow":"follow","max-snippet":"max-snippet:-1","max-image-preview":"max-image-preview:large","max-video-preview":"max-video-preview:-1"},"canonical":"https:\/\/www.clinicadelpeujordimoreno.com\/es\/servicios\/podologia-clinica\/","og_locale":"es_ES","og_type":"article","og_title":"Podolog\u00eda Cl\u00ednica - Cl\u00ednica del Peu Jordi Moreno","og_description":"Se realiza una evaluaci\u00f3n completa del estado dermatol\u00f3gico del pie y las diversas afecciones en las u\u00f1as.","og_url":"https:\/\/www.clinicadelpeujordimoreno.com\/es\/servicios\/podologia-clinica\/","og_site_name":"Cl\u00ednica del Peu Jordi Moreno","article_modified_time":"2024-03-17T20:59:37+00:00","twitter_card":"summary_large_image","twitter_misc":{"Tiempo de lectura":"3 minutos"},"schema":{"@context":"https:\/\/schema.org","@graph":[{"@type":"WebPage","@id":"https:\/\/www.clinicadelpeujordimoreno.com\/es\/servicios\/podologia-clinica\/","url":"https:\/\/www.clinicadelpeujordimoreno.com\/es\/servicios\/podologia-clinica\/","name":"Podolog\u00eda Cl\u00ednica - Cl\u00ednica del Peu Jordi Moreno","isPartOf":{"@id":"https:\/\/www.clinicadelpeujordimoreno.com\/#website"},"datePublished":"2024-02-15T22:50:31+00:00","dateModified":"2024-03-17T20:59:37+00:00","description":"Se realiza una evaluaci\u00f3n completa del estado dermatol\u00f3gico del pie y las diversas afecciones en las u\u00f1as.","breadcrumb":{"@id":"https:\/\/www.clinicadelpeujordimoreno.com\/es\/servicios\/podologia-clinica\/#breadcrumb"},"inLanguage":"es","potentialAction":[{"@type":"ReadAction","target":["https:\/\/www.clinicadelpeujordimoreno.com\/es\/servicios\/podologia-clinica\/"]}]},{"@type":"BreadcrumbList","@id":"https:\/\/www.clinicadelpeujordimoreno.com\/es\/servicios\/podologia-clinica\/#breadcrumb","itemListElement":[{"@type":"ListItem","position":1,"name":"Inici","item":"https:\/\/www.clinicadelpeujordimoreno.com\/es\/"},{"@type":"ListItem","position":2,"name":"Servicios","item":"https:\/\/www.clinicadelpeujordimoreno.com\/es\/servicios\/"},{"@type":"ListItem","position":3,"name":"Podolog\u00eda Cl\u00ednica"}]},{"@type":"WebSite","@id":"https:\/\/www.clinicadelpeujordimoreno.com\/#website","url":"https:\/\/www.clinicadelpeujordimoreno.com\/","name":"Cl\u00ednica del Peu Jordi Moreno","description":"S\u00f3lo otro sitio de WordPress","publisher":{"@id":"https:\/\/www.clinicadelpeujordimoreno.com\/#organization"},"potentialAction":[{"@type":"SearchAction","target":{"@type":"EntryPoint","urlTemplate":"https:\/\/www.clinicadelpeujordimoreno.com\/?s={search_term_string}"},"query-input":"required name=search_term_string"}],"inLanguage":"es"},{"@type":"Organization","@id":"https:\/\/www.clinicadelpeujordimoreno.com\/#organization","name":"Cl\u00ednica del Peu Jordi Moreno","url":"https:\/\/www.clinicadelpeujordimoreno.com\/","logo":{"@type":"ImageObject","inLanguage":"es","@id":"https:\/\/www.clinicadelpeujordimoreno.com\/#\/schema\/logo\/image\/","url":"https:\/\/www.clinicadelpeujordimoreno.com\/wp-content\/uploads\/2024\/02\/logo-clinica-del-peu-jordi-moreno.png","contentUrl":"https:\/\/www.clinicadelpeujordimoreno.com\/wp-content\/uploads\/2024\/02\/logo-clinica-del-peu-jordi-moreno.png","width":300,"height":70,"caption":"Cl\u00ednica del Peu Jordi Moreno"},"image":{"@id":"https:\/\/www.clinicadelpeujordimoreno.com\/#\/schema\/logo\/image\/"},"sameAs":["https:\/\/www.instagram.com\/clinicadelpeujordimoreno"]}]}},"_links":{"self":[{"href":"https:\/\/www.clinicadelpeujordimoreno.com\/es\/wp-json\/wp\/v2\/pages\/930"}],"collection":[{"href":"https:\/\/www.clinicadelpeujordimoreno.com\/es\/wp-json\/wp\/v2\/pages"}],"about":[{"href":"https:\/\/www.clinicadelpeujordimoreno.com\/es\/wp-json\/wp\/v2\/types\/page"}],"author":[{"embeddable":true,"href":"https:\/\/www.clinicadelpeujordimoreno.com\/es\/wp-json\/wp\/v2\/users\/1"}],"replies":[{"embeddable":true,"href":"https:\/\/www.clinicadelpeujordimoreno.com\/es\/wp-json\/wp\/v2\/comments?post=930"}],"version-history":[{"count":13,"href":"https:\/\/www.clinicadelpeujordimoreno.com\/es\/wp-json\/wp\/v2\/pages\/930\/revisions"}],"predecessor-version":[{"id":1084,"href":"https:\/\/www.clinicadelpeujordimoreno.com\/es\/wp-json\/wp\/v2\/pages\/930\/revisions\/1084"}],"up":[{"embeddable":true,"href":"https:\/\/www.clinicadelpeujordimoreno.com\/es\/wp-json\/wp\/v2\/pages\/919"}],"wp:attachment":[{"href":"https:\/\/www.clinicadelpeujordimoreno.com\/es\/wp-json\/wp\/v2\/media?parent=930"}],"curies":[{"name":"wp","href":"https:\/\/api.w.org\/{rel}","templated":true}]}}