{"id":919,"date":"2016-03-02T08:36:44","date_gmt":"2016-03-02T08:36:44","guid":{"rendered":"https:\/\/www.clinicadelpeujordimoreno.com\/?page_id=919"},"modified":"2024-04-25T20:57:05","modified_gmt":"2024-04-25T20:57:05","slug":"servicios","status":"publish","type":"page","link":"https:\/\/www.clinicadelpeujordimoreno.com\/es\/servicios\/","title":{"rendered":"Servicios"},"content":{"rendered":"<div class=\"wpb-content-wrapper\"><p>[vc_row css_animation=\u00bb\u00bb row_type=\u00bbrow\u00bb use_row_as_full_screen_section=\u00bbno\u00bb type=\u00bbgrid\u00bb angled_section=\u00bbno\u00bb text_align=\u00bbleft\u00bb background_image_as_pattern=\u00bbwithout_pattern\u00bb z_index=\u00bb\u00bb el_class=\u00bbllistat-serveis\u00bb css=\u00bb.vc_custom_1709842954584{margin-top: 19px !important;padding-top: 0px !important;padding-bottom: 0px !important;}\u00bb][vc_column][vc_column_text css=\u00bb.vc_custom_1709842762732{margin-bottom: 0px !important;padding-top: 0px !important;padding-bottom: 0px !important;}\u00bb el_class=\u00bbbreadcrumbs\u00bb]<code class=\"hljs json\"><span><span><a href=\"https:\/\/www.clinicadelpeujordimoreno.com\/es\/\">Inici<\/a><\/span><\/span><\/code>[\/vc_column_text][\/vc_column][\/vc_row][vc_row css_animation=\u00bb\u00bb row_type=\u00bbrow\u00bb use_row_as_full_screen_section=\u00bbno\u00bb type=\u00bbgrid\u00bb angled_section=\u00bbno\u00bb text_align=\u00bbcenter\u00bb background_image_as_pattern=\u00bbwithout_pattern\u00bb css=\u00bb.vc_custom_1709314230154{margin-top: 52px !important;padding-bottom: 20px !important;}\u00bb z_index=\u00bb\u00bb][vc_column offset=\u00bbvc_col-lg-offset-3 vc_col-lg-6&#8243;][vc_column_text]<\/p>\n<h2>Servicios<\/h2>\n<p>[\/vc_column_text][vc_separator type=\u00bbtransparent\u00bb up=\u00bb20&#8243; down=\u00bb0&#8243;][\/vc_column][\/vc_row][vc_row css_animation=\u00bb\u00bb row_type=\u00bbrow\u00bb use_row_as_full_screen_section=\u00bbno\u00bb type=\u00bbgrid\u00bb angled_section=\u00bbno\u00bb text_align=\u00bbleft\u00bb background_image_as_pattern=\u00bbwithout_pattern\u00bb z_index=\u00bb\u00bb el_class=\u00bbllistat-serveis\u00bb][vc_column]<div class='cover_boxes' data-active-element='1'><ul class='clearfix'><li><div class='box'><a itemprop='url' class='thumb' href='\/es\/servicios\/podologia-clinica\/' target='_self'><img itemprop='image' alt='PODOLOGIA CL\u00cdNICA' src='https:\/\/www.clinicadelpeujordimoreno.com\/wp-content\/uploads\/2024\/02\/01_podologia-clinica.jpg' \/><\/a><div class='box_content'><h3 >PODOLOGIA CL\u00cdNICA<\/h3><p >La podolog\u00eda cl\u00ednica o quiropodolog\u00eda, se centra en el tratamiento y eliminaci\u00f3n de alteraciones benignas que afectan tanto a la piel de los pies, como a las u\u00f1as.<\/p><a itemprop='url' class='qbutton tiny' href='\/es\/servicios\/podologia-clinica\/' target='_self'>LEER M\u00c1S<\/a><\/div><\/div><\/li><li><div class='box'><a itemprop='url' class='thumb' href='\/es\/servicios\/podologia-pediatrica\/' target='_self'><img itemprop='image' alt='PODOLOGIA PEDI\u00c1TRICA' src='https:\/\/www.clinicadelpeujordimoreno.com\/wp-content\/uploads\/2024\/02\/02_podologia-pediatrica_2.jpg' \/><\/a><div class='box_content'><h3 >PODOLOGIA PEDI\u00c1TRICA<\/h3><p >La podolog\u00eda infantil es la disciplina encargada de tratar alteraciones, defectos estructurales y\/o funcionales en los pies durante la etapa infantil.<\/p><a itemprop='url' class='qbutton tiny' href='\/es\/servicios\/podologia-pediatrica\/' target='_self'>LEER M\u00c1S<\/a><\/div><\/div><\/li><li><div class='box'><a itemprop='url' class='thumb' href='\/es\/servicios\/podologia-geriatrica\/' target='_self'><img itemprop='image' alt='PODOLOGIA GERI\u00c1TRICA' src='https:\/\/www.clinicadelpeujordimoreno.com\/wp-content\/uploads\/2024\/02\/03_podologia-geriatrica.jpg' \/><\/a><div class='box_content'><h3 >PODOLOGIA GERI\u00c1TRICA<\/h3><p >La podolog\u00eda geri\u00e1trica se centra en el cuidado de los pies de las personas mayores, ya que con el paso del tiempo, los pies experimentan deformaciones inevitables debidas a la carga sostenida y al peso del cuerpo a lo largo de los a\u00f1os.<\/p><a itemprop='url' class='qbutton tiny' href='\/es\/servicios\/podologia-geriatrica\/' target='_self'>LEER M\u00c1S<\/a><\/div><\/div><\/li><\/ul><\/div>[vc_separator type=\u00bbtransparent\u00bb thickness=\u00bb0&#8243; up=\u00bb0&#8243; down=\u00bb32&#8243;]<div class='cover_boxes' data-active-element='2'><ul class='clearfix'><li><div class='box'><a itemprop='url' class='thumb' href='\/es\/servicios\/podologia-deportiva\/' target='_self'><img itemprop='image' alt='PODOLOGIA DEPORTIVA' src='https:\/\/www.clinicadelpeujordimoreno.com\/wp-content\/uploads\/2024\/02\/04_podologia-esportiva_1.jpg' \/><\/a><div class='box_content'><h3 >PODOLOGIA DEPORTIVA<\/h3><p >La Podolog\u00eda Deportiva se dedica al estudio y tratamiento de las afecciones a los pies de los deportistas con el objetivo de prevenir lesiones y mejorar el rendimiento.<\/p><a itemprop='url' class='qbutton tiny' href='\/es\/servicios\/podologia-deportiva\/' target='_self'>LEER M\u00c1S<\/a><\/div><\/div><\/li><li><div class='box'><a itemprop='url' class='thumb' href='\/es\/servicios\/estudios-biomecanicos\/' target='_self'><img itemprop='image' alt='ESTUDIOS BIOMEC\u00c1NICOS' src='https:\/\/www.clinicadelpeujordimoreno.com\/wp-content\/uploads\/2024\/03\/estudis-biomecanics-5.jpg' \/><\/a><div class='box_content'><h3 >ESTUDIOS BIOMEC\u00c1NICOS<\/h3><p >El estudio biomec\u00e1nico de la marcha es el an\u00e1lisis del movimiento de la persona.<\/p><a itemprop='url' class='qbutton tiny' href='\/es\/servicios\/estudios-biomecanicos\/' target='_self'>LEER M\u00c1S<\/a><\/div><\/div><\/li><li><div class='box'><a itemprop='url' class='thumb' href='\/es\/servicios\/plantillas-personalizadas\/' target='_self'><img itemprop='image' alt='PLANTILLAS PERSONALIZADAS' src='https:\/\/www.clinicadelpeujordimoreno.com\/wp-content\/uploads\/2024\/02\/06_plantilles_personalitzades_1.jpg' \/><\/a><div class='box_content'><h3 >PLANTILLAS PERSONALIZADAS<\/h3><p >Los soportes plantares o plantillas son, en algunos casos, el tratamiento posterior a los resultados obtenidos en el estudio biomec\u00e1nico de la marcha.<\/p><a itemprop='url' class='qbutton tiny' href='\/es\/servicios\/plantillas-personalizadas\/' target='_self'>LLEGIR M\u00c9S<\/a><\/div><\/div><\/li><\/ul><\/div>[vc_separator type=\u00bbtransparent\u00bb thickness=\u00bb0&#8243; up=\u00bb0&#8243; down=\u00bb32&#8243;]<div class='cover_boxes' data-active-element='1'><ul class='clearfix'><li><div class='box'><a itemprop='url' class='thumb' href='\/es\/servicios\/pie-diabetico\/' target='_self'><img itemprop='image' alt='PIE DIAB\u00c9TICO' src='https:\/\/www.clinicadelpeujordimoreno.com\/wp-content\/uploads\/2024\/02\/07_peu-diabetic_1.jpg' \/><\/a><div class='box_content'><h3 >PIE DIAB\u00c9TICO<\/h3><p >La Diabetes desarrolla complicaciones generando: disminuci\u00f3n de la sensibilidad en los pies, as\u00ed como reducci\u00f3n del flujo sangu\u00edneo en las extremidades inferiores.<\/p><a itemprop='url' class='qbutton tiny' href='\/es\/servicios\/pie-diabetico\/' target='_self'>LEER M\u00c1S<\/a><\/div><\/div><\/li><li><div class='box'><a itemprop='url' class='thumb' href='\/es\/servicios\/otros-servicios\/' target='_self'><img itemprop='image' alt='OTROS SERVICIOS' src='https:\/\/www.clinicadelpeujordimoreno.com\/wp-content\/uploads\/2024\/02\/08_altres-embanatges-neuro_2.jpg' \/><\/a><div class='box_content'><h3 >OTROS SERVICIOS<\/h3><p ><\/p>\n<ul>\n<li>- Servicio a domicilio<\/li>\n<li>- Vendajes neuromusculares<\/li>\n<li>- Ortesis de silicona<\/li>\n<\/ul>\n<p><\/p><a itemprop='url' class='qbutton tiny' href='\/es\/servicios\/otros-servicios\/' target='_self'>LEER M\u00c1S<\/a><\/div><\/div><\/li><li><div class='box'><a itemprop='url' class='thumb' href='' target='_self'><img itemprop='image' alt='' src='' \/><\/a><div class='box_content'><h3 ><\/h3><p ><\/p><\/div><\/div><\/li><\/ul><\/div>[\/vc_column][\/vc_row]<\/p>\n<\/div>","protected":false},"excerpt":{"rendered":"<p>[vc_row css_animation=\u00bb\u00bb row_type=\u00bbrow\u00bb use_row_as_full_screen_section=\u00bbno\u00bb type=\u00bbgrid\u00bb angled_section=\u00bbno\u00bb text_align=\u00bbleft\u00bb background_image_as_pattern=\u00bbwithout_pattern\u00bb z_index=\u00bb\u00bb el_class=\u00bbllistat-serveis\u00bb css=\u00bb.vc_custom_1709842954584{margin-top: 19px !important;padding-top: 0px !important;padding-bottom: 0px !important;}\u00bb][vc_column][vc_column_text css=\u00bb.vc_custom_1709842762732{margin-bottom: 0px !important;padding-top: 0px !important;padding-bottom: 0px !important;}\u00bb el_class=\u00bbbreadcrumbs\u00bb][\/vc_column_text][\/vc_column][\/vc_row][vc_row css_animation=\u00bb\u00bb row_type=\u00bbrow\u00bb use_row_as_full_screen_section=\u00bbno\u00bb type=\u00bbgrid\u00bb angled_section=\u00bbno\u00bb text_align=\u00bbcenter\u00bb background_image_as_pattern=\u00bbwithout_pattern\u00bb css=\u00bb.vc_custom_1709314230154{margin-top: 52px !important;padding-bottom: 20px !important;}\u00bb z_index=\u00bb\u00bb][vc_column offset=\u00bbvc_col-lg-offset-3 vc_col-lg-6&#8243;][vc_column_text] Servicios [\/vc_column_text][vc_separator type=\u00bbtransparent\u00bb up=\u00bb20&#8243; down=\u00bb0&#8243;][\/vc_column][\/vc_row][vc_row&#8230;<\/p>\n","protected":false},"author":1,"featured_media":0,"parent":0,"menu_order":0,"comment_status":"closed","ping_status":"closed","template":"full_width.php","meta":{"footnotes":""},"yoast_head":"<!-- This site is optimized with the Yoast SEO plugin v22.2 - https:\/\/yoast.com\/wordpress\/plugins\/seo\/ -->\n<title>Servicios - Cl\u00ednica del Peu Jordi Moreno<\/title>\n<meta name=\"description\" content=\"Ofrecemos los siguientes servicios: Podolog\u00eda cl\u00ednica, Podolog\u00eda pedi\u00e1trica, Podolog\u00eda geri\u00e1trica, Podolog\u00eda deportiva, Estudios biomec\u00e1nicos, Plantillas personalizadas, Pie diab\u00e9tico y otros servicios.\" \/>\n<meta name=\"robots\" content=\"index, follow, max-snippet:-1, max-image-preview:large, max-video-preview:-1\" \/>\n<link rel=\"canonical\" href=\"https:\/\/www.clinicadelpeujordimoreno.com\/es\/servicios\/\" \/>\n<meta property=\"og:locale\" content=\"es_ES\" \/>\n<meta property=\"og:type\" content=\"article\" \/>\n<meta property=\"og:title\" content=\"Servicios - Cl\u00ednica del Peu Jordi Moreno\" \/>\n<meta property=\"og:description\" content=\"Ofrecemos los siguientes servicios: Podolog\u00eda cl\u00ednica, Podolog\u00eda pedi\u00e1trica, Podolog\u00eda geri\u00e1trica, Podolog\u00eda deportiva, Estudios biomec\u00e1nicos, Plantillas personalizadas, Pie diab\u00e9tico y otros servicios.\" \/>\n<meta property=\"og:url\" content=\"https:\/\/www.clinicadelpeujordimoreno.com\/es\/servicios\/\" \/>\n<meta property=\"og:site_name\" content=\"Cl\u00ednica del Peu Jordi Moreno\" \/>\n<meta property=\"article:modified_time\" content=\"2024-04-25T20:57:05+00:00\" \/>\n<meta name=\"twitter:card\" content=\"summary_large_image\" \/>\n<meta name=\"twitter:label1\" content=\"Tiempo de lectura\" \/>\n\t<meta name=\"twitter:data1\" content=\"2 minutos\" \/>\n<script type=\"application\/ld+json\" class=\"yoast-schema-graph\">{\"@context\":\"https:\/\/schema.org\",\"@graph\":[{\"@type\":\"WebPage\",\"@id\":\"https:\/\/www.clinicadelpeujordimoreno.com\/es\/servicios\/\",\"url\":\"https:\/\/www.clinicadelpeujordimoreno.com\/es\/servicios\/\",\"name\":\"Servicios - Cl\u00ednica del Peu Jordi Moreno\",\"isPartOf\":{\"@id\":\"https:\/\/www.clinicadelpeujordimoreno.com\/#website\"},\"datePublished\":\"2016-03-02T08:36:44+00:00\",\"dateModified\":\"2024-04-25T20:57:05+00:00\",\"description\":\"Ofrecemos los siguientes servicios: Podolog\u00eda cl\u00ednica, Podolog\u00eda pedi\u00e1trica, Podolog\u00eda geri\u00e1trica, Podolog\u00eda deportiva, Estudios biomec\u00e1nicos, Plantillas personalizadas, Pie diab\u00e9tico y otros servicios.\",\"breadcrumb\":{\"@id\":\"https:\/\/www.clinicadelpeujordimoreno.com\/es\/servicios\/#breadcrumb\"},\"inLanguage\":\"es\",\"potentialAction\":[{\"@type\":\"ReadAction\",\"target\":[\"https:\/\/www.clinicadelpeujordimoreno.com\/es\/servicios\/\"]}]},{\"@type\":\"BreadcrumbList\",\"@id\":\"https:\/\/www.clinicadelpeujordimoreno.com\/es\/servicios\/#breadcrumb\",\"itemListElement\":[{\"@type\":\"ListItem\",\"position\":1,\"name\":\"Inici\",\"item\":\"https:\/\/www.clinicadelpeujordimoreno.com\/es\/\"},{\"@type\":\"ListItem\",\"position\":2,\"name\":\"Servicios\"}]},{\"@type\":\"WebSite\",\"@id\":\"https:\/\/www.clinicadelpeujordimoreno.com\/#website\",\"url\":\"https:\/\/www.clinicadelpeujordimoreno.com\/\",\"name\":\"Cl\u00ednica del Peu Jordi Moreno\",\"description\":\"S\u00f3lo otro sitio de WordPress\",\"publisher\":{\"@id\":\"https:\/\/www.clinicadelpeujordimoreno.com\/#organization\"},\"potentialAction\":[{\"@type\":\"SearchAction\",\"target\":{\"@type\":\"EntryPoint\",\"urlTemplate\":\"https:\/\/www.clinicadelpeujordimoreno.com\/?s={search_term_string}\"},\"query-input\":\"required name=search_term_string\"}],\"inLanguage\":\"es\"},{\"@type\":\"Organization\",\"@id\":\"https:\/\/www.clinicadelpeujordimoreno.com\/#organization\",\"name\":\"Cl\u00ednica del Peu Jordi Moreno\",\"url\":\"https:\/\/www.clinicadelpeujordimoreno.com\/\",\"logo\":{\"@type\":\"ImageObject\",\"inLanguage\":\"es\",\"@id\":\"https:\/\/www.clinicadelpeujordimoreno.com\/#\/schema\/logo\/image\/\",\"url\":\"https:\/\/www.clinicadelpeujordimoreno.com\/wp-content\/uploads\/2024\/02\/logo-clinica-del-peu-jordi-moreno.png\",\"contentUrl\":\"https:\/\/www.clinicadelpeujordimoreno.com\/wp-content\/uploads\/2024\/02\/logo-clinica-del-peu-jordi-moreno.png\",\"width\":300,\"height\":70,\"caption\":\"Cl\u00ednica del Peu Jordi Moreno\"},\"image\":{\"@id\":\"https:\/\/www.clinicadelpeujordimoreno.com\/#\/schema\/logo\/image\/\"},\"sameAs\":[\"https:\/\/www.instagram.com\/clinicadelpeujordimoreno\"]}]}<\/script>\n<!-- \/ Yoast SEO plugin. -->","yoast_head_json":{"title":"Servicios - Cl\u00ednica del Peu Jordi Moreno","description":"Ofrecemos los siguientes servicios: Podolog\u00eda cl\u00ednica, Podolog\u00eda pedi\u00e1trica, Podolog\u00eda geri\u00e1trica, Podolog\u00eda deportiva, Estudios biomec\u00e1nicos, Plantillas personalizadas, Pie diab\u00e9tico y otros servicios.","robots":{"index":"index","follow":"follow","max-snippet":"max-snippet:-1","max-image-preview":"max-image-preview:large","max-video-preview":"max-video-preview:-1"},"canonical":"https:\/\/www.clinicadelpeujordimoreno.com\/es\/servicios\/","og_locale":"es_ES","og_type":"article","og_title":"Servicios - Cl\u00ednica del Peu Jordi Moreno","og_description":"Ofrecemos los siguientes servicios: Podolog\u00eda cl\u00ednica, Podolog\u00eda pedi\u00e1trica, Podolog\u00eda geri\u00e1trica, Podolog\u00eda deportiva, Estudios biomec\u00e1nicos, Plantillas personalizadas, Pie diab\u00e9tico y otros servicios.","og_url":"https:\/\/www.clinicadelpeujordimoreno.com\/es\/servicios\/","og_site_name":"Cl\u00ednica del Peu Jordi Moreno","article_modified_time":"2024-04-25T20:57:05+00:00","twitter_card":"summary_large_image","twitter_misc":{"Tiempo de lectura":"2 minutos"},"schema":{"@context":"https:\/\/schema.org","@graph":[{"@type":"WebPage","@id":"https:\/\/www.clinicadelpeujordimoreno.com\/es\/servicios\/","url":"https:\/\/www.clinicadelpeujordimoreno.com\/es\/servicios\/","name":"Servicios - Cl\u00ednica del Peu Jordi Moreno","isPartOf":{"@id":"https:\/\/www.clinicadelpeujordimoreno.com\/#website"},"datePublished":"2016-03-02T08:36:44+00:00","dateModified":"2024-04-25T20:57:05+00:00","description":"Ofrecemos los siguientes servicios: Podolog\u00eda cl\u00ednica, Podolog\u00eda pedi\u00e1trica, Podolog\u00eda geri\u00e1trica, Podolog\u00eda deportiva, Estudios biomec\u00e1nicos, Plantillas personalizadas, Pie diab\u00e9tico y otros servicios.","breadcrumb":{"@id":"https:\/\/www.clinicadelpeujordimoreno.com\/es\/servicios\/#breadcrumb"},"inLanguage":"es","potentialAction":[{"@type":"ReadAction","target":["https:\/\/www.clinicadelpeujordimoreno.com\/es\/servicios\/"]}]},{"@type":"BreadcrumbList","@id":"https:\/\/www.clinicadelpeujordimoreno.com\/es\/servicios\/#breadcrumb","itemListElement":[{"@type":"ListItem","position":1,"name":"Inici","item":"https:\/\/www.clinicadelpeujordimoreno.com\/es\/"},{"@type":"ListItem","position":2,"name":"Servicios"}]},{"@type":"WebSite","@id":"https:\/\/www.clinicadelpeujordimoreno.com\/#website","url":"https:\/\/www.clinicadelpeujordimoreno.com\/","name":"Cl\u00ednica del Peu Jordi Moreno","description":"S\u00f3lo otro sitio de WordPress","publisher":{"@id":"https:\/\/www.clinicadelpeujordimoreno.com\/#organization"},"potentialAction":[{"@type":"SearchAction","target":{"@type":"EntryPoint","urlTemplate":"https:\/\/www.clinicadelpeujordimoreno.com\/?s={search_term_string}"},"query-input":"required name=search_term_string"}],"inLanguage":"es"},{"@type":"Organization","@id":"https:\/\/www.clinicadelpeujordimoreno.com\/#organization","name":"Cl\u00ednica del Peu Jordi Moreno","url":"https:\/\/www.clinicadelpeujordimoreno.com\/","logo":{"@type":"ImageObject","inLanguage":"es","@id":"https:\/\/www.clinicadelpeujordimoreno.com\/#\/schema\/logo\/image\/","url":"https:\/\/www.clinicadelpeujordimoreno.com\/wp-content\/uploads\/2024\/02\/logo-clinica-del-peu-jordi-moreno.png","contentUrl":"https:\/\/www.clinicadelpeujordimoreno.com\/wp-content\/uploads\/2024\/02\/logo-clinica-del-peu-jordi-moreno.png","width":300,"height":70,"caption":"Cl\u00ednica del Peu Jordi Moreno"},"image":{"@id":"https:\/\/www.clinicadelpeujordimoreno.com\/#\/schema\/logo\/image\/"},"sameAs":["https:\/\/www.instagram.com\/clinicadelpeujordimoreno"]}]}},"_links":{"self":[{"href":"https:\/\/www.clinicadelpeujordimoreno.com\/es\/wp-json\/wp\/v2\/pages\/919"}],"collection":[{"href":"https:\/\/www.clinicadelpeujordimoreno.com\/es\/wp-json\/wp\/v2\/pages"}],"about":[{"href":"https:\/\/www.clinicadelpeujordimoreno.com\/es\/wp-json\/wp\/v2\/types\/page"}],"author":[{"embeddable":true,"href":"https:\/\/www.clinicadelpeujordimoreno.com\/es\/wp-json\/wp\/v2\/users\/1"}],"replies":[{"embeddable":true,"href":"https:\/\/www.clinicadelpeujordimoreno.com\/es\/wp-json\/wp\/v2\/comments?post=919"}],"version-history":[{"count":2,"href":"https:\/\/www.clinicadelpeujordimoreno.com\/es\/wp-json\/wp\/v2\/pages\/919\/revisions"}],"predecessor-version":[{"id":1137,"href":"https:\/\/www.clinicadelpeujordimoreno.com\/es\/wp-json\/wp\/v2\/pages\/919\/revisions\/1137"}],"wp:attachment":[{"href":"https:\/\/www.clinicadelpeujordimoreno.com\/es\/wp-json\/wp\/v2\/media?parent=919"}],"curies":[{"name":"wp","href":"https:\/\/api.w.org\/{rel}","templated":true}]}}