{"id":900,"date":"2016-02-17T14:14:27","date_gmt":"2016-02-17T14:14:27","guid":{"rendered":"https:\/\/www.clinicadelpeujordimoreno.com\/?page_id=900"},"modified":"2024-04-23T20:29:58","modified_gmt":"2024-04-23T20:29:58","slug":"home-2","status":"publish","type":"page","link":"https:\/\/www.clinicadelpeujordimoreno.com\/es\/","title":{"rendered":"Home"},"content":{"rendered":"<div class=\"wpb-content-wrapper\"><p>[vc_row css_animation=\u00bb\u00bb row_type=\u00bbrow\u00bb use_row_as_full_screen_section=\u00bbno\u00bb type=\u00bbgrid\u00bb angled_section=\u00bbno\u00bb text_align=\u00bbleft\u00bb background_image_as_pattern=\u00bbwithout_pattern\u00bb z_index=\u00bb\u00bb][vc_column css=\u00bb.vc_custom_1709312936385{margin-top: 52px !important;}\u00bb][vc_column_text]<\/p>\n<h2 style=\"text-align: center;\">SOBRE MI<\/h2>\n<p>[\/vc_column_text][vc_separator type=\u00bbtransparent\u00bb up=\u00bb31&#8243; down=\u00bb0&#8243;][vc_column_text]Dedicado a lo que me apasiona, con la vocaci\u00f3n de ayudar, dispuesto a resolver, y entusiasta del conocimiento, son algunos de los ejes vertebradores de mi pr\u00e1ctica cl\u00ednica diaria.<\/p>\n<p>Mi tarea profesional, con m\u00e1s de 20 a\u00f1os de experiencia en los distintos campos de la podolog\u00eda, me ayudan a profundizar cada d\u00eda las complejidades del pie y su relaci\u00f3n con otros aspectos que integran la aparici\u00f3n de la patolog\u00eda.<\/p>\n<p>Esta evoluci\u00f3n es fruto no s\u00f3lo de la experiencia acumulada, sin\u00f3 tambi\u00e9n a un elemento que considero clave y esencial en mi trayectoria: la formaci\u00f3n continuada como herramienta imprescindible para evolucionar, comprender y resolver.<\/p>\n<p>Desde mi infancia, soy un apasionado del mundo del deporte, y un ac\u00e9rrimo defensor de la actividad f\u00edsica para el bienestar f\u00edsico, mental y social. He practicado diferentes deportes en categor\u00eda amateur, empatizo con la lesi\u00f3n, por eso, mi af\u00e1n es acompa\u00f1ar durante el proceso de recuperaci\u00f3n.<\/p>\n<p>La evoluci\u00f3n y el crecimiento son otro de los puntos clave de mi carrera profesional. Acompa\u00f1ar durante el desarrollo del pie infantil me llev\u00f3 a especializarme en podolog\u00eda pedi\u00e1trica. No hay mayor satisfacci\u00f3n para m\u00ed que la sonrisa de un ni\u00f1o o ni\u00f1a cuando sale de la cl\u00ednica.<\/p>\n<p>El pie como elemento fundamental de la marcha, permite acciones tan importantes en nuestra vida diaria como moverse y desplazarse. Nada debe impedir que tu vida se vea limitada por ello.<\/p>\n<p>Resolver es mi objetivo.<\/p>\n<p>Bienvenidos a vuestra casa.[\/vc_column_text][\/vc_column][\/vc_row][vc_row row_type=\u00bbparallax\u00bb parallax_content_width=\u00bbfull_width\u00bb text_align=\u00bbcenter\u00bb full_screen_section_height=\u00bbno\u00bb background_image=\u00bb883&#8243; section_height=\u00bb1200&#8243; css=\u00bb.vc_custom_1710435956818{margin-top: 50px !important;}\u00bb el_class=\u00bbhome-block-2&#8243;][vc_column][vc_separator type=\u00bbtransparent\u00bb thickness=\u00bb0&#8243; up=\u00bb200&#8243; down=\u00bb200&#8243;][\/vc_column][\/vc_row][vc_row css_animation=\u00bb\u00bb row_type=\u00bbrow\u00bb use_row_as_full_screen_section=\u00bbno\u00bb type=\u00bbgrid\u00bb angled_section=\u00bbno\u00bb text_align=\u00bbleft\u00bb background_image_as_pattern=\u00bbwithout_pattern\u00bb z_index=\u00bb\u00bb css=\u00bb.vc_custom_1709312852257{margin-top: 52px !important;}\u00bb el_class=\u00bbhome-block-3&#8243;][vc_column][vc_column_text]<\/p>\n<h2 style=\"text-align: center;\">SERVICIOS<\/h2>\n<p>[\/vc_column_text][vc_row_inner row_type=\u00bbrow\u00bb type=\u00bbfull_width\u00bb text_align=\u00bbleft\u00bb css_animation=\u00bb\u00bb css=\u00bb.vc_custom_1709313074722{margin-top: 40px !important;}\u00bb][vc_column_inner width=\u00bb1\/4&#8243;][vc_single_image image=\u00bb514&#8243; img_size=\u00bbfull\u00bb alignment=\u00bbcenter\u00bb onclick=\u00bbcustom_link\u00bb qode_css_animation=\u00bb\u00bb link=\u00bb\/es\/servicios\/podologia-clinica\/\u00bb][vc_separator type=\u00bbtransparent\u00bb up=\u00bb20&#8243; down=\u00bb0&#8243;][vc_column_text]<\/p>\n<h3 style=\"text-align: center;\"><a href=\"https:\/\/www.clinicadelpeujordimoreno.com\/es\/servicios\/podologia-clinica\/\">PODOLOGIA CL\u00cdNICA<\/a><\/h3>\n<p>[\/vc_column_text][\/vc_column_inner][vc_column_inner width=\u00bb1\/4&#8243;][vc_single_image image=\u00bb518&#8243; img_size=\u00bbfull\u00bb alignment=\u00bbcenter\u00bb onclick=\u00bbcustom_link\u00bb qode_css_animation=\u00bb\u00bb link=\u00bb\/es\/servicios\/podologia-pediatrica\/\u00bb][vc_separator type=\u00bbtransparent\u00bb up=\u00bb20&#8243; down=\u00bb0&#8243;][vc_column_text]<\/p>\n<h3 style=\"text-align: center;\"><a href=\"https:\/\/www.clinicadelpeujordimoreno.com\/es\/servicios\/podologia-pediatrica\/\">PODOLOGIA PEDI\u00c1TRICA<\/a><\/h3>\n<p>[\/vc_column_text][\/vc_column_inner][vc_column_inner width=\u00bb1\/4&#8243;][vc_single_image image=\u00bb522&#8243; img_size=\u00bbfull\u00bb alignment=\u00bbcenter\u00bb onclick=\u00bbcustom_link\u00bb qode_css_animation=\u00bb\u00bb link=\u00bb\/es\/servicios\/podologia-geriatrica\/\u00bb][vc_separator type=\u00bbtransparent\u00bb up=\u00bb20&#8243; down=\u00bb0&#8243;][vc_column_text]<\/p>\n<h3 style=\"text-align: center;\"><a href=\"https:\/\/www.clinicadelpeujordimoreno.com\/es\/servicios\/podologia-geriatrica\/\">PODOLOGIA GERI\u00c1TRICA<\/a><\/h3>\n<p>[\/vc_column_text][\/vc_column_inner][vc_column_inner width=\u00bb1\/4&#8243;][vc_single_image image=\u00bb521&#8243; img_size=\u00bbfull\u00bb alignment=\u00bbcenter\u00bb onclick=\u00bbcustom_link\u00bb qode_css_animation=\u00bb\u00bb link=\u00bb\/es\/servicios\/podologia-deportiva\/\u00bb][vc_separator type=\u00bbtransparent\u00bb up=\u00bb20&#8243; down=\u00bb0&#8243;][vc_column_text]<\/p>\n<h3 style=\"text-align: center;\"><a href=\"https:\/\/www.clinicadelpeujordimoreno.com\/es\/servicios\/podologia-deportiva\/\">PODOLOGIA DEPORTIVA<\/a><\/h3>\n<p>[\/vc_column_text][\/vc_column_inner][\/vc_row_inner][vc_row_inner row_type=\u00bbrow\u00bb type=\u00bbfull_width\u00bb text_align=\u00bbleft\u00bb css_animation=\u00bb\u00bb css=\u00bb.vc_custom_1707603873589{margin-top: 75px !important;}\u00bb][vc_column_inner width=\u00bb1\/4&#8243;][vc_single_image image=\u00bb528&#8243; img_size=\u00bbfull\u00bb alignment=\u00bbcenter\u00bb onclick=\u00bbcustom_link\u00bb qode_css_animation=\u00bb\u00bb link=\u00bb\/es\/servicios\/estudios-biomecanicos\/\u00bb][vc_separator type=\u00bbtransparent\u00bb up=\u00bb20&#8243; down=\u00bb0&#8243;][vc_column_text]<\/p>\n<h3 style=\"text-align: center;\"><a href=\"https:\/\/www.clinicadelpeujordimoreno.com\/serveis\/estudis-biomecanics\/\">ESTUDIOS BIOMEC\u00c1NICOS<\/a><\/h3>\n<p>[\/vc_column_text][\/vc_column_inner][vc_column_inner width=\u00bb1\/4&#8243;][vc_single_image image=\u00bb527&#8243; img_size=\u00bbfull\u00bb alignment=\u00bbcenter\u00bb onclick=\u00bbcustom_link\u00bb qode_css_animation=\u00bb\u00bb link=\u00bb\/es\/servicios\/plantillas-personalizadas\/\u00bb][vc_separator type=\u00bbtransparent\u00bb up=\u00bb20&#8243; down=\u00bb0&#8243;][vc_column_text]<\/p>\n<h3 style=\"text-align: center;\"><a href=\"https:\/\/www.clinicadelpeujordimoreno.com\/es\/servicios\/plantillas-personalizadas\/\">PLANTILLAS PERSONALIZADAS<\/a><\/h3>\n<p>[\/vc_column_text][\/vc_column_inner][vc_column_inner width=\u00bb1\/4&#8243;][vc_single_image image=\u00bb525&#8243; img_size=\u00bbfull\u00bb alignment=\u00bbcenter\u00bb onclick=\u00bbcustom_link\u00bb qode_css_animation=\u00bb\u00bb link=\u00bb\/es\/servicios\/pie-diabetico\/\u00bb][vc_separator type=\u00bbtransparent\u00bb up=\u00bb20&#8243; down=\u00bb0&#8243;][vc_column_text]<\/p>\n<h3 style=\"text-align: center;\"><a href=\"https:\/\/www.clinicadelpeujordimoreno.com\/serveis\/peu-diabetic\/\">PIE DIAB\u00c9TICO<\/a><\/h3>\n<p>[\/vc_column_text][\/vc_column_inner][vc_column_inner width=\u00bb1\/4&#8243;][vc_single_image image=\u00bb526&#8243; img_size=\u00bbfull\u00bb alignment=\u00bbcenter\u00bb onclick=\u00bbcustom_link\u00bb qode_css_animation=\u00bb\u00bb link=\u00bb\/es\/servicios\/otros-servicios\/\u00bb][vc_separator type=\u00bbtransparent\u00bb up=\u00bb20&#8243; down=\u00bb0&#8243;][vc_column_text]<\/p>\n<h3 style=\"text-align: center;\"><a href=\"https:\/\/www.clinicadelpeujordimoreno.com\/es\/servicios\/otros-servicios\/\">OTROS SERVICIOS<\/a><\/h3>\n<p>[\/vc_column_text][\/vc_column_inner][\/vc_row_inner][\/vc_column][\/vc_row][vc_row row_type=\u00bbparallax\u00bb parallax_content_width=\u00bbfull_width\u00bb text_align=\u00bbcenter\u00bb full_screen_section_height=\u00bbno\u00bb background_image=\u00bb763&#8243; section_height=\u00bb1200&#8243; css=\u00bb.vc_custom_1710197993164{margin-top: 50px !important;}\u00bb el_class=\u00bbhome-block-2&#8243;][vc_column][vc_separator type=\u00bbtransparent\u00bb thickness=\u00bb0&#8243; up=\u00bb200&#8243; down=\u00bb200&#8243;][\/vc_column][\/vc_row]<\/p>\n<\/div>","protected":false},"excerpt":{"rendered":"<p>[vc_row css_animation=\u00bb\u00bb row_type=\u00bbrow\u00bb use_row_as_full_screen_section=\u00bbno\u00bb type=\u00bbgrid\u00bb angled_section=\u00bbno\u00bb text_align=\u00bbleft\u00bb background_image_as_pattern=\u00bbwithout_pattern\u00bb z_index=\u00bb\u00bb][vc_column css=\u00bb.vc_custom_1709312936385{margin-top: 52px !important;}\u00bb][vc_column_text] SOBRE MI [\/vc_column_text][vc_separator type=\u00bbtransparent\u00bb up=\u00bb31&#8243; down=\u00bb0&#8243;][vc_column_text]Dedicado a lo que me apasiona, con la vocaci\u00f3n de ayudar, dispuesto a resolver, y entusiasta del conocimiento, son algunos de los ejes vertebradores de mi pr\u00e1ctica cl\u00ednica&#8230;<\/p>\n","protected":false},"author":1,"featured_media":0,"parent":0,"menu_order":0,"comment_status":"closed","ping_status":"closed","template":"full_width.php","meta":{"footnotes":""},"yoast_head":"<!-- This site is optimized with the Yoast SEO plugin v22.2 - https:\/\/yoast.com\/wordpress\/plugins\/seo\/ -->\n<title>Cl\u00ednica del Peu Jordi Moreno - Centro especialitzado en el tratamiento de problemas de los pies.<\/title>\n<meta name=\"description\" content=\"Atenci\u00f3n personalizada para todo tipo de patolog\u00edas de los pies. Cont\u00e1ctanos ahora para una valoraci\u00f3n completa.\" \/>\n<meta name=\"robots\" content=\"index, follow, max-snippet:-1, max-image-preview:large, max-video-preview:-1\" \/>\n<link rel=\"canonical\" href=\"https:\/\/www.clinicadelpeujordimoreno.com\/es\/\" \/>\n<meta property=\"og:locale\" content=\"es_ES\" \/>\n<meta property=\"og:type\" content=\"article\" \/>\n<meta property=\"og:title\" content=\"Cl\u00ednica del Peu Jordi Moreno - Centro especialitzado en el tratamiento de problemas de los pies.\" \/>\n<meta property=\"og:description\" content=\"Atenci\u00f3n personalizada para todo tipo de patolog\u00edas de los pies. Cont\u00e1ctanos ahora para una valoraci\u00f3n completa.\" \/>\n<meta property=\"og:url\" content=\"https:\/\/www.clinicadelpeujordimoreno.com\/es\/\" \/>\n<meta property=\"og:site_name\" content=\"Cl\u00ednica del Peu Jordi Moreno\" \/>\n<meta property=\"article:modified_time\" content=\"2024-04-23T20:29:58+00:00\" \/>\n<meta name=\"twitter:card\" content=\"summary_large_image\" \/>\n<meta name=\"twitter:label1\" content=\"Tiempo de lectura\" \/>\n\t<meta name=\"twitter:data1\" content=\"3 minutos\" \/>\n<script type=\"application\/ld+json\" class=\"yoast-schema-graph\">{\"@context\":\"https:\/\/schema.org\",\"@graph\":[{\"@type\":\"WebPage\",\"@id\":\"https:\/\/www.clinicadelpeujordimoreno.com\/es\/\",\"url\":\"https:\/\/www.clinicadelpeujordimoreno.com\/es\/\",\"name\":\"Cl\u00ednica del Peu Jordi Moreno - Centro especialitzado en el tratamiento de problemas de los pies.\",\"isPartOf\":{\"@id\":\"https:\/\/www.clinicadelpeujordimoreno.com\/#website\"},\"datePublished\":\"2016-02-17T14:14:27+00:00\",\"dateModified\":\"2024-04-23T20:29:58+00:00\",\"description\":\"Atenci\u00f3n personalizada para todo tipo de patolog\u00edas de los pies. Cont\u00e1ctanos ahora para una valoraci\u00f3n completa.\",\"breadcrumb\":{\"@id\":\"https:\/\/www.clinicadelpeujordimoreno.com\/es\/#breadcrumb\"},\"inLanguage\":\"es\",\"potentialAction\":[{\"@type\":\"ReadAction\",\"target\":[\"https:\/\/www.clinicadelpeujordimoreno.com\/es\/\"]}]},{\"@type\":\"BreadcrumbList\",\"@id\":\"https:\/\/www.clinicadelpeujordimoreno.com\/es\/#breadcrumb\",\"itemListElement\":[{\"@type\":\"ListItem\",\"position\":1,\"name\":\"Inici\",\"item\":\"https:\/\/www.clinicadelpeujordimoreno.com\/es\/\"},{\"@type\":\"ListItem\",\"position\":2,\"name\":\"Home\"}]},{\"@type\":\"WebSite\",\"@id\":\"https:\/\/www.clinicadelpeujordimoreno.com\/#website\",\"url\":\"https:\/\/www.clinicadelpeujordimoreno.com\/\",\"name\":\"Cl\u00ednica del Peu Jordi Moreno\",\"description\":\"S\u00f3lo otro sitio de WordPress\",\"publisher\":{\"@id\":\"https:\/\/www.clinicadelpeujordimoreno.com\/#organization\"},\"potentialAction\":[{\"@type\":\"SearchAction\",\"target\":{\"@type\":\"EntryPoint\",\"urlTemplate\":\"https:\/\/www.clinicadelpeujordimoreno.com\/?s={search_term_string}\"},\"query-input\":\"required name=search_term_string\"}],\"inLanguage\":\"es\"},{\"@type\":\"Organization\",\"@id\":\"https:\/\/www.clinicadelpeujordimoreno.com\/#organization\",\"name\":\"Cl\u00ednica del Peu Jordi Moreno\",\"url\":\"https:\/\/www.clinicadelpeujordimoreno.com\/\",\"logo\":{\"@type\":\"ImageObject\",\"inLanguage\":\"es\",\"@id\":\"https:\/\/www.clinicadelpeujordimoreno.com\/#\/schema\/logo\/image\/\",\"url\":\"https:\/\/www.clinicadelpeujordimoreno.com\/wp-content\/uploads\/2024\/02\/logo-clinica-del-peu-jordi-moreno.png\",\"contentUrl\":\"https:\/\/www.clinicadelpeujordimoreno.com\/wp-content\/uploads\/2024\/02\/logo-clinica-del-peu-jordi-moreno.png\",\"width\":300,\"height\":70,\"caption\":\"Cl\u00ednica del Peu Jordi Moreno\"},\"image\":{\"@id\":\"https:\/\/www.clinicadelpeujordimoreno.com\/#\/schema\/logo\/image\/\"},\"sameAs\":[\"https:\/\/www.instagram.com\/clinicadelpeujordimoreno\"]}]}<\/script>\n<!-- \/ Yoast SEO plugin. -->","yoast_head_json":{"title":"Cl\u00ednica del Peu Jordi Moreno - Centro especialitzado en el tratamiento de problemas de los pies.","description":"Atenci\u00f3n personalizada para todo tipo de patolog\u00edas de los pies. Cont\u00e1ctanos ahora para una valoraci\u00f3n completa.","robots":{"index":"index","follow":"follow","max-snippet":"max-snippet:-1","max-image-preview":"max-image-preview:large","max-video-preview":"max-video-preview:-1"},"canonical":"https:\/\/www.clinicadelpeujordimoreno.com\/es\/","og_locale":"es_ES","og_type":"article","og_title":"Cl\u00ednica del Peu Jordi Moreno - Centro especialitzado en el tratamiento de problemas de los pies.","og_description":"Atenci\u00f3n personalizada para todo tipo de patolog\u00edas de los pies. Cont\u00e1ctanos ahora para una valoraci\u00f3n completa.","og_url":"https:\/\/www.clinicadelpeujordimoreno.com\/es\/","og_site_name":"Cl\u00ednica del Peu Jordi Moreno","article_modified_time":"2024-04-23T20:29:58+00:00","twitter_card":"summary_large_image","twitter_misc":{"Tiempo de lectura":"3 minutos"},"schema":{"@context":"https:\/\/schema.org","@graph":[{"@type":"WebPage","@id":"https:\/\/www.clinicadelpeujordimoreno.com\/es\/","url":"https:\/\/www.clinicadelpeujordimoreno.com\/es\/","name":"Cl\u00ednica del Peu Jordi Moreno - Centro especialitzado en el tratamiento de problemas de los pies.","isPartOf":{"@id":"https:\/\/www.clinicadelpeujordimoreno.com\/#website"},"datePublished":"2016-02-17T14:14:27+00:00","dateModified":"2024-04-23T20:29:58+00:00","description":"Atenci\u00f3n personalizada para todo tipo de patolog\u00edas de los pies. Cont\u00e1ctanos ahora para una valoraci\u00f3n completa.","breadcrumb":{"@id":"https:\/\/www.clinicadelpeujordimoreno.com\/es\/#breadcrumb"},"inLanguage":"es","potentialAction":[{"@type":"ReadAction","target":["https:\/\/www.clinicadelpeujordimoreno.com\/es\/"]}]},{"@type":"BreadcrumbList","@id":"https:\/\/www.clinicadelpeujordimoreno.com\/es\/#breadcrumb","itemListElement":[{"@type":"ListItem","position":1,"name":"Inici","item":"https:\/\/www.clinicadelpeujordimoreno.com\/es\/"},{"@type":"ListItem","position":2,"name":"Home"}]},{"@type":"WebSite","@id":"https:\/\/www.clinicadelpeujordimoreno.com\/#website","url":"https:\/\/www.clinicadelpeujordimoreno.com\/","name":"Cl\u00ednica del Peu Jordi Moreno","description":"S\u00f3lo otro sitio de WordPress","publisher":{"@id":"https:\/\/www.clinicadelpeujordimoreno.com\/#organization"},"potentialAction":[{"@type":"SearchAction","target":{"@type":"EntryPoint","urlTemplate":"https:\/\/www.clinicadelpeujordimoreno.com\/?s={search_term_string}"},"query-input":"required name=search_term_string"}],"inLanguage":"es"},{"@type":"Organization","@id":"https:\/\/www.clinicadelpeujordimoreno.com\/#organization","name":"Cl\u00ednica del Peu Jordi Moreno","url":"https:\/\/www.clinicadelpeujordimoreno.com\/","logo":{"@type":"ImageObject","inLanguage":"es","@id":"https:\/\/www.clinicadelpeujordimoreno.com\/#\/schema\/logo\/image\/","url":"https:\/\/www.clinicadelpeujordimoreno.com\/wp-content\/uploads\/2024\/02\/logo-clinica-del-peu-jordi-moreno.png","contentUrl":"https:\/\/www.clinicadelpeujordimoreno.com\/wp-content\/uploads\/2024\/02\/logo-clinica-del-peu-jordi-moreno.png","width":300,"height":70,"caption":"Cl\u00ednica del Peu Jordi Moreno"},"image":{"@id":"https:\/\/www.clinicadelpeujordimoreno.com\/#\/schema\/logo\/image\/"},"sameAs":["https:\/\/www.instagram.com\/clinicadelpeujordimoreno"]}]}},"_links":{"self":[{"href":"https:\/\/www.clinicadelpeujordimoreno.com\/es\/wp-json\/wp\/v2\/pages\/900"}],"collection":[{"href":"https:\/\/www.clinicadelpeujordimoreno.com\/es\/wp-json\/wp\/v2\/pages"}],"about":[{"href":"https:\/\/www.clinicadelpeujordimoreno.com\/es\/wp-json\/wp\/v2\/types\/page"}],"author":[{"embeddable":true,"href":"https:\/\/www.clinicadelpeujordimoreno.com\/es\/wp-json\/wp\/v2\/users\/1"}],"replies":[{"embeddable":true,"href":"https:\/\/www.clinicadelpeujordimoreno.com\/es\/wp-json\/wp\/v2\/comments?post=900"}],"version-history":[{"count":7,"href":"https:\/\/www.clinicadelpeujordimoreno.com\/es\/wp-json\/wp\/v2\/pages\/900\/revisions"}],"predecessor-version":[{"id":982,"href":"https:\/\/www.clinicadelpeujordimoreno.com\/es\/wp-json\/wp\/v2\/pages\/900\/revisions\/982"}],"wp:attachment":[{"href":"https:\/\/www.clinicadelpeujordimoreno.com\/es\/wp-json\/wp\/v2\/media?parent=900"}],"curies":[{"name":"wp","href":"https:\/\/api.w.org\/{rel}","templated":true}]}}